{"id":38000,"date":"2026-04-06T10:59:41","date_gmt":"2026-04-06T07:59:41","guid":{"rendered":"https:\/\/beautyinstitute.ee\/?post_type=product&#038;p=38000"},"modified":"2026-04-27T11:40:35","modified_gmt":"2026-04-27T08:40:35","slug":"magic-summer-spray-150-ml","status":"publish","type":"product","link":"https:\/\/beautyinstitute.ee\/ru\/toode\/magic-summer-spray-150-ml\/","title":{"rendered":"Magic Summer Spray, 150 Ml"},"content":{"rendered":"<p data-start=\"135\" data-end=\"282\">Soe suvine uduvihm \u2013 see v\u00e4rskendav sprei \u00e4ratab meeled ja jahutab hetkega &#8211; andes nahale uue energia ja hingamise.<\/p>\n<p data-start=\"284\" data-end=\"464\">\u00d5rn, peaaegu m\u00e4rkamatu udu langeb nahale nagu siidine loor, kattes nii n\u00e4o kui keha. H\u00fcaluroonhape niisutab s\u00fcgavuti, muutes naha koheselt siledaks, pehmeks ja m\u00f5nusalt t\u00e4idlaseks.<\/p>\n<p data-start=\"466\" data-end=\"705\">Elavdav guajaaviekstrakt toimib kui energialaeng, aidates kaitsta nahka v\u00e4lism\u00f5jude eest ja andes sellele v\u00e4rskema ning eluj\u00f5ulisema ilme. Roosivesi lisab nahale \u00f5rna s\u00e4ra ja loomuliku v\u00e4rskuse.<\/p>\n<p data-start=\"712\" data-end=\"735\"><strong data-start=\"712\" data-end=\"735\">Miks sa seda vajad:<\/strong><\/p>\n<ul data-start=\"737\" data-end=\"927\">\n<li data-section-id=\"1dcseff\" data-start=\"737\" data-end=\"784\">Kohene v\u00e4rskendus ja niisutus kuumal p\u00e4eval<\/li>\n<li data-section-id=\"18p6wib\" data-start=\"785\" data-end=\"826\">Annab nahale eluj\u00f5u ja loomuliku s\u00e4ra<\/li>\n<li data-section-id=\"1e8rl3m\" data-start=\"827\" data-end=\"883\">Ideaalne p\u00e4eva jooksul kasutamiseks \u2013 ka meigi peale<\/li>\n<li data-section-id=\"1745st\" data-start=\"884\" data-end=\"927\">Kerge, v\u00e4rskendav ja luksuslik<\/li>\n<\/ul>\n<p data-start=\"934\" data-end=\"949\"><strong data-start=\"934\" data-end=\"949\">Kasutamine: <\/strong>Pihusta n\u00e4ole ja kehale vastavalt vajadusele p\u00e4eva jooksul. Sobib ideaalselt v\u00e4rskendamiseks, niisutamiseks ja naha turgutamiseks igal hetkel.<\/p>\n<p data-start=\"466\" data-end=\"705\"><strong>MUST HAVE suvine hooldustoode &#8211; suvi sinu kotis!<\/strong><\/p>\n","protected":false},"excerpt":{"rendered":"<p>Soe suvine uduvihm \u2013 see v\u00e4rskendav sprei \u00e4ratab meeled ja jahutab hetkega &#8211; andes nahale uue energia ja hingamise. \u00d5rn, peaaegu m\u00e4rkamatu udu langeb nahale nagu siidine loor, kattes nii n\u00e4o kui keha. H\u00fcaluroonhape niisutab s\u00fcgavuti, muutes naha koheselt siledaks, pehmeks ja m\u00f5nusalt t\u00e4idlaseks. Elavdav guajaaviekstrakt toimib kui energialaeng, aidates kaitsta nahka v\u00e4lism\u00f5jude eest ja [&hellip;]<\/p>\n","protected":false},"featured_media":38001,"template":"","meta":{"_acf_changed":false},"product_cat":[279,249,186,123],"product_tag":[],"class_list":["post-38000","product","type-product","status-publish","has-post-thumbnail","hentry","product_cat-summer-magic","product_cat-seerumid-2","product_cat-uued-tulijad","product_cat-sun"],"acf":[],"yoast_head":"<!-- This site is optimized with the Yoast SEO plugin v25.4 - https:\/\/yoast.com\/wordpress\/plugins\/seo\/ -->\n<title>Magic Summer Spray, 150 Ml - Beauty Institute<\/title>\n<meta name=\"robots\" content=\"index, follow, max-snippet:-1, max-image-preview:large, max-video-preview:-1\" \/>\n<link rel=\"canonical\" href=\"https:\/\/beautyinstitute.ee\/toode\/magic-summer-spray-150-ml\/\" \/>\n<meta property=\"og:locale\" content=\"ru_RU\" \/>\n<meta property=\"og:type\" content=\"article\" \/>\n<meta property=\"og:title\" content=\"Magic Summer Spray, 150 Ml - Beauty Institute\" \/>\n<meta property=\"og:description\" content=\"Soe suvine uduvihm \u2013 see v\u00e4rskendav sprei \u00e4ratab meeled ja jahutab hetkega &#8211; andes nahale uue energia ja hingamise. \u00d5rn, peaaegu m\u00e4rkamatu udu langeb nahale nagu siidine loor, kattes nii n\u00e4o kui keha. H\u00fcaluroonhape niisutab s\u00fcgavuti, muutes naha koheselt siledaks, pehmeks ja m\u00f5nusalt t\u00e4idlaseks. Elavdav guajaaviekstrakt toimib kui energialaeng, aidates kaitsta nahka v\u00e4lism\u00f5jude eest ja [&hellip;]\" \/>\n<meta property=\"og:url\" content=\"https:\/\/beautyinstitute.ee\/toode\/magic-summer-spray-150-ml\/\" \/>\n<meta property=\"og:site_name\" content=\"Beauty Institute\" \/>\n<meta property=\"article:modified_time\" content=\"2026-04-27T08:40:35+00:00\" \/>\n<meta property=\"og:image\" content=\"https:\/\/beautyinstitute.ee\/wp-content\/uploads\/2026\/04\/summer-spray-.jpg\" \/>\n\t<meta property=\"og:image:width\" content=\"1920\" \/>\n\t<meta property=\"og:image:height\" content=\"1920\" \/>\n\t<meta property=\"og:image:type\" content=\"image\/jpeg\" \/>\n<meta name=\"twitter:card\" content=\"summary_large_image\" \/>\n<meta name=\"twitter:site\" content=\"@Beauty_Eesti\" \/>\n<meta name=\"twitter:label1\" content=\"\u041f\u0440\u0438\u043c\u0435\u0440\u043d\u043e\u0435 \u0432\u0440\u0435\u043c\u044f \u0434\u043b\u044f \u0447\u0442\u0435\u043d\u0438\u044f\" \/>\n\t<meta name=\"twitter:data1\" content=\"1 \u043c\u0438\u043d\u0443\u0442\u0430\" \/>\n<script type=\"application\/ld+json\" class=\"yoast-schema-graph\">{\"@context\":\"https:\/\/schema.org\",\"@graph\":[{\"@type\":\"WebPage\",\"@id\":\"https:\/\/beautyinstitute.ee\/toode\/magic-summer-spray-150-ml\/\",\"url\":\"https:\/\/beautyinstitute.ee\/toode\/magic-summer-spray-150-ml\/\",\"name\":\"Magic Summer Spray, 150 Ml - Beauty Institute\",\"isPartOf\":{\"@id\":\"https:\/\/beautyinstitute.ee\/#website\"},\"primaryImageOfPage\":{\"@id\":\"https:\/\/beautyinstitute.ee\/toode\/magic-summer-spray-150-ml\/#primaryimage\"},\"image\":{\"@id\":\"https:\/\/beautyinstitute.ee\/toode\/magic-summer-spray-150-ml\/#primaryimage\"},\"thumbnailUrl\":\"https:\/\/beautyinstitute.ee\/wp-content\/uploads\/2026\/04\/summer-spray-.jpg\",\"datePublished\":\"2026-04-06T07:59:41+00:00\",\"dateModified\":\"2026-04-27T08:40:35+00:00\",\"breadcrumb\":{\"@id\":\"https:\/\/beautyinstitute.ee\/toode\/magic-summer-spray-150-ml\/#breadcrumb\"},\"inLanguage\":\"ru-RU\",\"potentialAction\":[{\"@type\":\"ReadAction\",\"target\":[\"https:\/\/beautyinstitute.ee\/toode\/magic-summer-spray-150-ml\/\"]}]},{\"@type\":\"ImageObject\",\"inLanguage\":\"ru-RU\",\"@id\":\"https:\/\/beautyinstitute.ee\/toode\/magic-summer-spray-150-ml\/#primaryimage\",\"url\":\"https:\/\/beautyinstitute.ee\/wp-content\/uploads\/2026\/04\/summer-spray-.jpg\",\"contentUrl\":\"https:\/\/beautyinstitute.ee\/wp-content\/uploads\/2026\/04\/summer-spray-.jpg\",\"width\":1920,\"height\":1920},{\"@type\":\"BreadcrumbList\",\"@id\":\"https:\/\/beautyinstitute.ee\/toode\/magic-summer-spray-150-ml\/#breadcrumb\",\"itemListElement\":[{\"@type\":\"ListItem\",\"position\":1,\"name\":\"Home\",\"item\":\"https:\/\/beautyinstitute.ee\/ru\/\"},{\"@type\":\"ListItem\",\"position\":2,\"name\":\"E-pood\",\"item\":\"https:\/\/beautyinstitute.ee\/e-pood\/\"},{\"@type\":\"ListItem\",\"position\":3,\"name\":\"Magic Summer Spray, 150 Ml\"}]},{\"@type\":\"WebSite\",\"@id\":\"https:\/\/beautyinstitute.ee\/#website\",\"url\":\"https:\/\/beautyinstitute.ee\/\",\"name\":\"Beauty Institute\",\"description\":\"CNC Cosmetic ametlik maaletooja ja edasim\u00fc\u00fcja Eestis, Soomes, L\u00e4tis. Aparaadikosmeetika, koolitused, kosmeetikatooted.\",\"potentialAction\":[{\"@type\":\"SearchAction\",\"target\":{\"@type\":\"EntryPoint\",\"urlTemplate\":\"https:\/\/beautyinstitute.ee\/?s={search_term_string}\"},\"query-input\":{\"@type\":\"PropertyValueSpecification\",\"valueRequired\":true,\"valueName\":\"search_term_string\"}}],\"inLanguage\":\"ru-RU\"}]}<\/script>\n<!-- \/ Yoast SEO plugin. -->","yoast_head_json":{"title":"Magic Summer Spray, 150 Ml - Beauty Institute","robots":{"index":"index","follow":"follow","max-snippet":"max-snippet:-1","max-image-preview":"max-image-preview:large","max-video-preview":"max-video-preview:-1"},"canonical":"https:\/\/beautyinstitute.ee\/toode\/magic-summer-spray-150-ml\/","og_locale":"ru_RU","og_type":"article","og_title":"Magic Summer Spray, 150 Ml - Beauty Institute","og_description":"Soe suvine uduvihm \u2013 see v\u00e4rskendav sprei \u00e4ratab meeled ja jahutab hetkega &#8211; andes nahale uue energia ja hingamise. \u00d5rn, peaaegu m\u00e4rkamatu udu langeb nahale nagu siidine loor, kattes nii n\u00e4o kui keha. H\u00fcaluroonhape niisutab s\u00fcgavuti, muutes naha koheselt siledaks, pehmeks ja m\u00f5nusalt t\u00e4idlaseks. Elavdav guajaaviekstrakt toimib kui energialaeng, aidates kaitsta nahka v\u00e4lism\u00f5jude eest ja [&hellip;]","og_url":"https:\/\/beautyinstitute.ee\/toode\/magic-summer-spray-150-ml\/","og_site_name":"Beauty Institute","article_modified_time":"2026-04-27T08:40:35+00:00","og_image":[{"width":1920,"height":1920,"url":"https:\/\/beautyinstitute.ee\/wp-content\/uploads\/2026\/04\/summer-spray-.jpg","type":"image\/jpeg"}],"twitter_card":"summary_large_image","twitter_site":"@Beauty_Eesti","twitter_misc":{"\u041f\u0440\u0438\u043c\u0435\u0440\u043d\u043e\u0435 \u0432\u0440\u0435\u043c\u044f \u0434\u043b\u044f \u0447\u0442\u0435\u043d\u0438\u044f":"1 \u043c\u0438\u043d\u0443\u0442\u0430"},"schema":{"@context":"https:\/\/schema.org","@graph":[{"@type":"WebPage","@id":"https:\/\/beautyinstitute.ee\/toode\/magic-summer-spray-150-ml\/","url":"https:\/\/beautyinstitute.ee\/toode\/magic-summer-spray-150-ml\/","name":"Magic Summer Spray, 150 Ml - Beauty Institute","isPartOf":{"@id":"https:\/\/beautyinstitute.ee\/#website"},"primaryImageOfPage":{"@id":"https:\/\/beautyinstitute.ee\/toode\/magic-summer-spray-150-ml\/#primaryimage"},"image":{"@id":"https:\/\/beautyinstitute.ee\/toode\/magic-summer-spray-150-ml\/#primaryimage"},"thumbnailUrl":"https:\/\/beautyinstitute.ee\/wp-content\/uploads\/2026\/04\/summer-spray-.jpg","datePublished":"2026-04-06T07:59:41+00:00","dateModified":"2026-04-27T08:40:35+00:00","breadcrumb":{"@id":"https:\/\/beautyinstitute.ee\/toode\/magic-summer-spray-150-ml\/#breadcrumb"},"inLanguage":"ru-RU","potentialAction":[{"@type":"ReadAction","target":["https:\/\/beautyinstitute.ee\/toode\/magic-summer-spray-150-ml\/"]}]},{"@type":"ImageObject","inLanguage":"ru-RU","@id":"https:\/\/beautyinstitute.ee\/toode\/magic-summer-spray-150-ml\/#primaryimage","url":"https:\/\/beautyinstitute.ee\/wp-content\/uploads\/2026\/04\/summer-spray-.jpg","contentUrl":"https:\/\/beautyinstitute.ee\/wp-content\/uploads\/2026\/04\/summer-spray-.jpg","width":1920,"height":1920},{"@type":"BreadcrumbList","@id":"https:\/\/beautyinstitute.ee\/toode\/magic-summer-spray-150-ml\/#breadcrumb","itemListElement":[{"@type":"ListItem","position":1,"name":"Home","item":"https:\/\/beautyinstitute.ee\/ru\/"},{"@type":"ListItem","position":2,"name":"E-pood","item":"https:\/\/beautyinstitute.ee\/e-pood\/"},{"@type":"ListItem","position":3,"name":"Magic Summer Spray, 150 Ml"}]},{"@type":"WebSite","@id":"https:\/\/beautyinstitute.ee\/#website","url":"https:\/\/beautyinstitute.ee\/","name":"Beauty Institute","description":"CNC Cosmetic ametlik maaletooja ja edasim\u00fc\u00fcja Eestis, Soomes, L\u00e4tis. Aparaadikosmeetika, koolitused, kosmeetikatooted.","potentialAction":[{"@type":"SearchAction","target":{"@type":"EntryPoint","urlTemplate":"https:\/\/beautyinstitute.ee\/?s={search_term_string}"},"query-input":{"@type":"PropertyValueSpecification","valueRequired":true,"valueName":"search_term_string"}}],"inLanguage":"ru-RU"}]}},"_links":{"self":[{"href":"https:\/\/beautyinstitute.ee\/ru\/wp-json\/wp\/v2\/product\/38000","targetHints":{"allow":["GET"]}}],"collection":[{"href":"https:\/\/beautyinstitute.ee\/ru\/wp-json\/wp\/v2\/product"}],"about":[{"href":"https:\/\/beautyinstitute.ee\/ru\/wp-json\/wp\/v2\/types\/product"}],"wp:featuredmedia":[{"embeddable":true,"href":"https:\/\/beautyinstitute.ee\/ru\/wp-json\/wp\/v2\/media\/38001"}],"wp:attachment":[{"href":"https:\/\/beautyinstitute.ee\/ru\/wp-json\/wp\/v2\/media?parent=38000"}],"wp:term":[{"taxonomy":"product_cat","embeddable":true,"href":"https:\/\/beautyinstitute.ee\/ru\/wp-json\/wp\/v2\/product_cat?post=38000"},{"taxonomy":"product_tag","embeddable":true,"href":"https:\/\/beautyinstitute.ee\/ru\/wp-json\/wp\/v2\/product_tag?post=38000"}],"curies":[{"name":"wp","href":"https:\/\/api.w.org\/{rel}","templated":true}]}}