{"id":38027,"date":"2026-04-06T14:31:30","date_gmt":"2026-04-06T11:31:30","guid":{"rendered":"https:\/\/beautyinstitute.ee\/?post_type=product&#038;p=38027"},"modified":"2026-04-27T11:45:19","modified_gmt":"2026-04-27T08:45:19","slug":"summer-magic-set","status":"publish","type":"product","link":"https:\/\/beautyinstitute.ee\/ru\/toode\/summer-magic-set\/","title":{"rendered":"Summer Magic Set"},"content":{"rendered":"<p><strong>K\u00f5ik, mida su nahk suvel vajab \u2013 \u00fches komplektis.<\/strong><\/p>\n<p data-start=\"205\" data-end=\"329\">MAGIC Summer Set ei ole lihtsalt nahahooldus \u2013 see on suvine rutiin, mis hooldab, kaitseb ja toob esile naha loomuliku s\u00e4ra.<\/p>\n<p data-start=\"331\" data-end=\"536\">See kolmest tootest koosnev komplekt \u00fchendab endas intensiivse niisutuse, tugeva antioks\u00fcdantse kaitse ja kohese v\u00e4rskuse. Tulemuseks on nahk, mis on niisutatud, kaitstud ja visuaalselt s\u00e4ravam \u2013 iga p\u00e4ev.<\/p>\n<p data-start=\"538\" data-end=\"916\">Kerge 24h kreem toetab naha barj\u00e4\u00e4ri ja taastab niiskustasakaalu, samal ajal kui antioks\u00fcdandid aitavad nahal paremini toime tulla p\u00e4ikese ja keskkonnastressiga.<br data-start=\"699\" data-end=\"702\" \/>V\u00e4rskendav sprei annab p\u00e4eva jooksul kohese niisutuse ja energialaengu, j\u00e4ttes naha kergelt s\u00e4ravaks ja eluj\u00f5uliseks.<br data-start=\"819\" data-end=\"822\" \/>Jahutav silmarullik silub silma\u00fcmbrust, v\u00e4hendab v\u00e4simuse m\u00e4rke ja toob pilku tagasi v\u00e4rskuse.<\/p>\n<p data-start=\"923\" data-end=\"946\"><strong data-start=\"923\" data-end=\"946\">Miks sa seda vajad:<\/strong><\/p>\n<ul data-start=\"948\" data-end=\"1188\">\n<li data-section-id=\"anwhw8\" data-start=\"948\" data-end=\"983\">S\u00fcgav ja kauakestev niisutus<\/li>\n<li data-section-id=\"15lms2b\" data-start=\"984\" data-end=\"1052\">Tugev antioks\u00fcdantne kaitse igap\u00e4evase keskkonnastressi vastu<\/li>\n<li data-section-id=\"14rsm6v\" data-start=\"1053\" data-end=\"1094\">\u2744\ufe0f Kohene v\u00e4rskendus ja jahutav efekt<\/li>\n<li data-section-id=\"1t84wt4\" data-start=\"1095\" data-end=\"1132\">\u2728 Loomulik, terve ja \u00fchtlane s\u00e4ra ( aitab kaunile jumele kaasa indigo taime ekstrakt)<\/li>\n<li data-section-id=\"12ahkdn\" data-start=\"1133\" data-end=\"1188\">\u2600\ufe0f Ideaalne suvine hooldusrutiin \u2013 lihtne ja toimiv<\/li>\n<\/ul>\n<p data-start=\"1195\" data-end=\"1217\"><strong data-start=\"1195\" data-end=\"1217\">Komplekt sisaldab: LIMITEERITUD<\/strong><\/p>\n<ul data-start=\"1219\" data-end=\"1400\">\n<li data-section-id=\"1rwodje\" data-start=\"1219\" data-end=\"1274\">Ultrakerge tekstuuriga 24h kreem \u2013 niisutab, taastab ja kaitseb<\/li>\n<li data-section-id=\"526kkf\" data-start=\"1275\" data-end=\"1334\">MAGIC Summer Spray \u2013 v\u00e4rskendab, niisutab ja annab s\u00e4ra<\/li>\n<li data-section-id=\"13jrijf\" data-start=\"1335\" data-end=\"1400\">MAGIC Summer Eye Roll-on \u2013 jahutab, silub ja v\u00e4rskendab<\/li>\n<li data-section-id=\"13jrijf\" data-start=\"1335\" data-end=\"1400\">Holo-Gl\u00e4m kandekott<\/li>\n<li data-section-id=\"13jrijf\" data-start=\"1335\" data-end=\"1400\">MAGIC summer reklaam plakat A4<\/li>\n<\/ul>\n","protected":false},"excerpt":{"rendered":"<p>K\u00f5ik, mida su nahk suvel vajab \u2013 \u00fches komplektis. MAGIC Summer Set ei ole lihtsalt nahahooldus \u2013 see on suvine rutiin, mis hooldab, kaitseb ja toob esile naha loomuliku s\u00e4ra. See kolmest tootest koosnev komplekt \u00fchendab endas intensiivse niisutuse, tugeva antioks\u00fcdantse kaitse ja kohese v\u00e4rskuse. Tulemuseks on nahk, mis on niisutatud, kaitstud ja visuaalselt s\u00e4ravam [&hellip;]<\/p>\n","protected":false},"featured_media":38004,"template":"","meta":{"_acf_changed":false},"product_cat":[279,186],"product_tag":[],"class_list":["post-38027","product","type-product","status-publish","has-post-thumbnail","hentry","product_cat-summer-magic","product_cat-uued-tulijad"],"acf":[],"yoast_head":"<!-- This site is optimized with the Yoast SEO plugin v25.4 - https:\/\/yoast.com\/wordpress\/plugins\/seo\/ -->\n<title>Summer Magic Set - Beauty Institute<\/title>\n<meta name=\"robots\" content=\"index, follow, max-snippet:-1, max-image-preview:large, max-video-preview:-1\" \/>\n<link rel=\"canonical\" href=\"https:\/\/beautyinstitute.ee\/toode\/summer-magic-set\/\" \/>\n<meta property=\"og:locale\" content=\"ru_RU\" \/>\n<meta property=\"og:type\" content=\"article\" \/>\n<meta property=\"og:title\" content=\"Summer Magic Set - Beauty Institute\" \/>\n<meta property=\"og:description\" content=\"K\u00f5ik, mida su nahk suvel vajab \u2013 \u00fches komplektis. MAGIC Summer Set ei ole lihtsalt nahahooldus \u2013 see on suvine rutiin, mis hooldab, kaitseb ja toob esile naha loomuliku s\u00e4ra. See kolmest tootest koosnev komplekt \u00fchendab endas intensiivse niisutuse, tugeva antioks\u00fcdantse kaitse ja kohese v\u00e4rskuse. Tulemuseks on nahk, mis on niisutatud, kaitstud ja visuaalselt s\u00e4ravam [&hellip;]\" \/>\n<meta property=\"og:url\" content=\"https:\/\/beautyinstitute.ee\/toode\/summer-magic-set\/\" \/>\n<meta property=\"og:site_name\" content=\"Beauty Institute\" \/>\n<meta property=\"article:modified_time\" content=\"2026-04-27T08:45:19+00:00\" \/>\n<meta property=\"og:image\" content=\"https:\/\/beautyinstitute.ee\/wp-content\/uploads\/2026\/04\/summer-komplekt-1.jpg\" \/>\n\t<meta property=\"og:image:width\" content=\"1536\" \/>\n\t<meta property=\"og:image:height\" content=\"1920\" \/>\n\t<meta property=\"og:image:type\" content=\"image\/jpeg\" \/>\n<meta name=\"twitter:card\" content=\"summary_large_image\" \/>\n<meta name=\"twitter:site\" content=\"@Beauty_Eesti\" \/>\n<meta name=\"twitter:label1\" content=\"\u041f\u0440\u0438\u043c\u0435\u0440\u043d\u043e\u0435 \u0432\u0440\u0435\u043c\u044f \u0434\u043b\u044f \u0447\u0442\u0435\u043d\u0438\u044f\" \/>\n\t<meta name=\"twitter:data1\" content=\"2 \u043c\u0438\u043d\u0443\u0442\u044b\" \/>\n<script type=\"application\/ld+json\" class=\"yoast-schema-graph\">{\"@context\":\"https:\/\/schema.org\",\"@graph\":[{\"@type\":\"WebPage\",\"@id\":\"https:\/\/beautyinstitute.ee\/toode\/summer-magic-set\/\",\"url\":\"https:\/\/beautyinstitute.ee\/toode\/summer-magic-set\/\",\"name\":\"Summer Magic Set - Beauty Institute\",\"isPartOf\":{\"@id\":\"https:\/\/beautyinstitute.ee\/#website\"},\"primaryImageOfPage\":{\"@id\":\"https:\/\/beautyinstitute.ee\/toode\/summer-magic-set\/#primaryimage\"},\"image\":{\"@id\":\"https:\/\/beautyinstitute.ee\/toode\/summer-magic-set\/#primaryimage\"},\"thumbnailUrl\":\"https:\/\/beautyinstitute.ee\/wp-content\/uploads\/2026\/04\/summer-komplekt-1.jpg\",\"datePublished\":\"2026-04-06T11:31:30+00:00\",\"dateModified\":\"2026-04-27T08:45:19+00:00\",\"breadcrumb\":{\"@id\":\"https:\/\/beautyinstitute.ee\/toode\/summer-magic-set\/#breadcrumb\"},\"inLanguage\":\"ru-RU\",\"potentialAction\":[{\"@type\":\"ReadAction\",\"target\":[\"https:\/\/beautyinstitute.ee\/toode\/summer-magic-set\/\"]}]},{\"@type\":\"ImageObject\",\"inLanguage\":\"ru-RU\",\"@id\":\"https:\/\/beautyinstitute.ee\/toode\/summer-magic-set\/#primaryimage\",\"url\":\"https:\/\/beautyinstitute.ee\/wp-content\/uploads\/2026\/04\/summer-komplekt-1.jpg\",\"contentUrl\":\"https:\/\/beautyinstitute.ee\/wp-content\/uploads\/2026\/04\/summer-komplekt-1.jpg\",\"width\":1536,\"height\":1920},{\"@type\":\"BreadcrumbList\",\"@id\":\"https:\/\/beautyinstitute.ee\/toode\/summer-magic-set\/#breadcrumb\",\"itemListElement\":[{\"@type\":\"ListItem\",\"position\":1,\"name\":\"Home\",\"item\":\"https:\/\/beautyinstitute.ee\/ru\/\"},{\"@type\":\"ListItem\",\"position\":2,\"name\":\"E-pood\",\"item\":\"https:\/\/beautyinstitute.ee\/e-pood\/\"},{\"@type\":\"ListItem\",\"position\":3,\"name\":\"Summer Magic Set\"}]},{\"@type\":\"WebSite\",\"@id\":\"https:\/\/beautyinstitute.ee\/#website\",\"url\":\"https:\/\/beautyinstitute.ee\/\",\"name\":\"Beauty Institute\",\"description\":\"CNC Cosmetic ametlik maaletooja ja edasim\u00fc\u00fcja Eestis, Soomes, L\u00e4tis. Aparaadikosmeetika, koolitused, kosmeetikatooted.\",\"potentialAction\":[{\"@type\":\"SearchAction\",\"target\":{\"@type\":\"EntryPoint\",\"urlTemplate\":\"https:\/\/beautyinstitute.ee\/?s={search_term_string}\"},\"query-input\":{\"@type\":\"PropertyValueSpecification\",\"valueRequired\":true,\"valueName\":\"search_term_string\"}}],\"inLanguage\":\"ru-RU\"}]}<\/script>\n<!-- \/ Yoast SEO plugin. -->","yoast_head_json":{"title":"Summer Magic Set - Beauty Institute","robots":{"index":"index","follow":"follow","max-snippet":"max-snippet:-1","max-image-preview":"max-image-preview:large","max-video-preview":"max-video-preview:-1"},"canonical":"https:\/\/beautyinstitute.ee\/toode\/summer-magic-set\/","og_locale":"ru_RU","og_type":"article","og_title":"Summer Magic Set - Beauty Institute","og_description":"K\u00f5ik, mida su nahk suvel vajab \u2013 \u00fches komplektis. MAGIC Summer Set ei ole lihtsalt nahahooldus \u2013 see on suvine rutiin, mis hooldab, kaitseb ja toob esile naha loomuliku s\u00e4ra. See kolmest tootest koosnev komplekt \u00fchendab endas intensiivse niisutuse, tugeva antioks\u00fcdantse kaitse ja kohese v\u00e4rskuse. Tulemuseks on nahk, mis on niisutatud, kaitstud ja visuaalselt s\u00e4ravam [&hellip;]","og_url":"https:\/\/beautyinstitute.ee\/toode\/summer-magic-set\/","og_site_name":"Beauty Institute","article_modified_time":"2026-04-27T08:45:19+00:00","og_image":[{"width":1536,"height":1920,"url":"https:\/\/beautyinstitute.ee\/wp-content\/uploads\/2026\/04\/summer-komplekt-1.jpg","type":"image\/jpeg"}],"twitter_card":"summary_large_image","twitter_site":"@Beauty_Eesti","twitter_misc":{"\u041f\u0440\u0438\u043c\u0435\u0440\u043d\u043e\u0435 \u0432\u0440\u0435\u043c\u044f \u0434\u043b\u044f \u0447\u0442\u0435\u043d\u0438\u044f":"2 \u043c\u0438\u043d\u0443\u0442\u044b"},"schema":{"@context":"https:\/\/schema.org","@graph":[{"@type":"WebPage","@id":"https:\/\/beautyinstitute.ee\/toode\/summer-magic-set\/","url":"https:\/\/beautyinstitute.ee\/toode\/summer-magic-set\/","name":"Summer Magic Set - Beauty Institute","isPartOf":{"@id":"https:\/\/beautyinstitute.ee\/#website"},"primaryImageOfPage":{"@id":"https:\/\/beautyinstitute.ee\/toode\/summer-magic-set\/#primaryimage"},"image":{"@id":"https:\/\/beautyinstitute.ee\/toode\/summer-magic-set\/#primaryimage"},"thumbnailUrl":"https:\/\/beautyinstitute.ee\/wp-content\/uploads\/2026\/04\/summer-komplekt-1.jpg","datePublished":"2026-04-06T11:31:30+00:00","dateModified":"2026-04-27T08:45:19+00:00","breadcrumb":{"@id":"https:\/\/beautyinstitute.ee\/toode\/summer-magic-set\/#breadcrumb"},"inLanguage":"ru-RU","potentialAction":[{"@type":"ReadAction","target":["https:\/\/beautyinstitute.ee\/toode\/summer-magic-set\/"]}]},{"@type":"ImageObject","inLanguage":"ru-RU","@id":"https:\/\/beautyinstitute.ee\/toode\/summer-magic-set\/#primaryimage","url":"https:\/\/beautyinstitute.ee\/wp-content\/uploads\/2026\/04\/summer-komplekt-1.jpg","contentUrl":"https:\/\/beautyinstitute.ee\/wp-content\/uploads\/2026\/04\/summer-komplekt-1.jpg","width":1536,"height":1920},{"@type":"BreadcrumbList","@id":"https:\/\/beautyinstitute.ee\/toode\/summer-magic-set\/#breadcrumb","itemListElement":[{"@type":"ListItem","position":1,"name":"Home","item":"https:\/\/beautyinstitute.ee\/ru\/"},{"@type":"ListItem","position":2,"name":"E-pood","item":"https:\/\/beautyinstitute.ee\/e-pood\/"},{"@type":"ListItem","position":3,"name":"Summer Magic Set"}]},{"@type":"WebSite","@id":"https:\/\/beautyinstitute.ee\/#website","url":"https:\/\/beautyinstitute.ee\/","name":"Beauty Institute","description":"CNC Cosmetic ametlik maaletooja ja edasim\u00fc\u00fcja Eestis, Soomes, L\u00e4tis. Aparaadikosmeetika, koolitused, kosmeetikatooted.","potentialAction":[{"@type":"SearchAction","target":{"@type":"EntryPoint","urlTemplate":"https:\/\/beautyinstitute.ee\/?s={search_term_string}"},"query-input":{"@type":"PropertyValueSpecification","valueRequired":true,"valueName":"search_term_string"}}],"inLanguage":"ru-RU"}]}},"_links":{"self":[{"href":"https:\/\/beautyinstitute.ee\/ru\/wp-json\/wp\/v2\/product\/38027","targetHints":{"allow":["GET"]}}],"collection":[{"href":"https:\/\/beautyinstitute.ee\/ru\/wp-json\/wp\/v2\/product"}],"about":[{"href":"https:\/\/beautyinstitute.ee\/ru\/wp-json\/wp\/v2\/types\/product"}],"wp:featuredmedia":[{"embeddable":true,"href":"https:\/\/beautyinstitute.ee\/ru\/wp-json\/wp\/v2\/media\/38004"}],"wp:attachment":[{"href":"https:\/\/beautyinstitute.ee\/ru\/wp-json\/wp\/v2\/media?parent=38027"}],"wp:term":[{"taxonomy":"product_cat","embeddable":true,"href":"https:\/\/beautyinstitute.ee\/ru\/wp-json\/wp\/v2\/product_cat?post=38027"},{"taxonomy":"product_tag","embeddable":true,"href":"https:\/\/beautyinstitute.ee\/ru\/wp-json\/wp\/v2\/product_tag?post=38027"}],"curies":[{"name":"wp","href":"https:\/\/api.w.org\/{rel}","templated":true}]}}