{"id":38030,"date":"2026-04-06T15:15:42","date_gmt":"2026-04-06T12:15:42","guid":{"rendered":"https:\/\/beautyinstitute.ee\/?post_type=product&#038;p=38030"},"modified":"2026-04-23T14:00:08","modified_gmt":"2026-04-23T11:00:08","slug":"sun-stick-spf50-35g","status":"publish","type":"product","link":"https:\/\/beautyinstitute.ee\/ru\/toode\/sun-stick-spf50-35g\/","title":{"rendered":"Sun Stick, Spf50, 35G"},"content":{"rendered":"<p data-start=\"116\" data-end=\"336\"><strong>On aeg valida midagi, mis hooldab nahka, mitte ei koorma seda. <\/strong>Enamik SPF-e keskendub ainult kaitsele.<\/p>\n<p data-start=\"116\" data-end=\"336\">Aga nahk vajab ka:<br data-start=\"2133\" data-end=\"2136\" \/>\u2714 niisutust<br data-start=\"2147\" data-end=\"2150\" \/>\u2714 antioks\u00fcdante<br data-start=\"2165\" data-end=\"2168\" \/>\u2714 barj\u00e4\u00e4ri tuge<\/p>\n<p data-start=\"116\" data-end=\"336\"><strong>\u201dkaitse + ilus ja terve nahk&#8221;<\/strong><\/p>\n<p data-start=\"116\" data-end=\"336\">Usaldusv\u00e4\u00e4rne p\u00e4ikesekaitse, mis on alati k\u00e4ep\u00e4rast.<br data-start=\"168\" data-end=\"171\" \/><strong>Hooldav<\/strong> SUN Stick SPF50 \u00fchendab mineraalse tsinkoksiidi tugeva UV-kaitse ja nahka toitvad koostisosad, et pakkuda nahale turvalist ja mugavat kaitset igas olukorras.<\/p>\n<p data-start=\"338\" data-end=\"519\">Mahep\u00f5llumajanduslik astelpaju\u00f5li hooldab ja taastab nahka, samal ajal kui India p\u00f6\u00f6gipuu ekstrakt toimib loodusliku UV-kaitse v\u00f5imendajana, aidates kaitset veelgi t\u00f5husamaks muuta.<\/p>\n<p data-start=\"521\" data-end=\"624\">Kompaktne ja mugav pulk on ideaalne kaaslane aktiivseks suveks \u2013 olgu see linnas, rannas v\u00f5i sportides.<\/p>\n<p data-start=\"631\" data-end=\"665\"><strong data-start=\"631\" data-end=\"641\">Sobib: <\/strong>K\u00f5igile nahat\u00fc\u00fcpidele (ideaalne ka v\u00e4ikelastele)<\/p>\n<p data-start=\"672\" data-end=\"684\"><strong data-start=\"672\" data-end=\"684\">Eelised:<\/strong><\/p>\n<ul data-start=\"686\" data-end=\"907\">\n<li data-section-id=\"czfj5d\" data-start=\"686\" data-end=\"725\">Tugev ja usaldusv\u00e4\u00e4rne SPF50 kaitse<\/li>\n<li data-section-id=\"706zvo\" data-start=\"726\" data-end=\"768\">Ideaalne liikvel olles ja sportimiseks<\/li>\n<li data-section-id=\"1i362ss\" data-start=\"769\" data-end=\"794\">Sobib ka talispordiks<\/li>\n<li data-section-id=\"182o11o\" data-start=\"795\" data-end=\"875\">T\u00e4iuslik kaitse p\u00e4ikesele avatud piirkondadele (nt nina, p\u00f5sesarnad, huuled)<\/li>\n<li data-section-id=\"72e38v\" data-start=\"876\" data-end=\"907\">Mugav kasutada ja lekkevaba<\/li>\n<li data-section-id=\"72e38v\" data-start=\"876\" data-end=\"907\">Veekindel<\/li>\n<\/ul>\n<p data-start=\"914\" data-end=\"925\"><strong data-start=\"914\" data-end=\"925\">M\u00e4rkus: <\/strong>Kanna toodet regulaarselt uuesti, et s\u00e4ilitada kaitse \u2013 eriti p\u00e4rast higistamist, ujumist v\u00f5i naha kuivatamist.<br data-start=\"1038\" data-end=\"1041\" \/>V\u00e4ldi kokkupuudet silmadega. V\u00e4ldi intensiivset keskp\u00e4evast p\u00e4ikest.<\/p>\n<p data-start=\"1216\" data-end=\"1240\"><strong data-start=\"1216\" data-end=\"1240\">Peamised toimeained: <\/strong>Mineraalne UV-filter (tsinkoksiid), kookos\u00f5li*, sheav\u00f5i*, astelpaju viljaliha\u00f5li*, India p\u00f6\u00f6gipuu ekstrakt (looduslik UV-booster), E-vitamiin.<br data-start=\"1383\" data-end=\"1386\" \/>*mahep\u00f5llumajanduslikust tootmisest<\/p>\n","protected":false},"excerpt":{"rendered":"<p>On aeg valida midagi, mis hooldab nahka, mitte ei koorma seda. Enamik SPF-e keskendub ainult kaitsele. Aga nahk vajab ka:\u2714 niisutust\u2714 antioks\u00fcdante\u2714 barj\u00e4\u00e4ri tuge \u201dkaitse + ilus ja terve nahk&#8221; Usaldusv\u00e4\u00e4rne p\u00e4ikesekaitse, mis on alati k\u00e4ep\u00e4rast.Hooldav SUN Stick SPF50 \u00fchendab mineraalse tsinkoksiidi tugeva UV-kaitse ja nahka toitvad koostisosad, et pakkuda nahale turvalist ja mugavat kaitset [&hellip;]<\/p>\n","protected":false},"featured_media":38034,"template":"","meta":{"_acf_changed":false},"product_cat":[279,252,186,123],"product_tag":[],"class_list":["post-38030","product","type-product","status-publish","has-post-thumbnail","hentry","product_cat-summer-magic","product_cat-uv-kaitse","product_cat-uued-tulijad","product_cat-sun"],"acf":[],"yoast_head":"<!-- This site is optimized with the Yoast SEO plugin v25.4 - https:\/\/yoast.com\/wordpress\/plugins\/seo\/ -->\n<title>Sun Stick, Spf50, 35G - Beauty Institute<\/title>\n<meta name=\"robots\" content=\"index, follow, max-snippet:-1, max-image-preview:large, max-video-preview:-1\" \/>\n<link rel=\"canonical\" href=\"https:\/\/beautyinstitute.ee\/toode\/sun-stick-spf50-35g\/\" \/>\n<meta property=\"og:locale\" content=\"ru_RU\" \/>\n<meta property=\"og:type\" content=\"article\" \/>\n<meta property=\"og:title\" content=\"Sun Stick, Spf50, 35G - Beauty Institute\" \/>\n<meta property=\"og:description\" content=\"On aeg valida midagi, mis hooldab nahka, mitte ei koorma seda. Enamik SPF-e keskendub ainult kaitsele. Aga nahk vajab ka:\u2714 niisutust\u2714 antioks\u00fcdante\u2714 barj\u00e4\u00e4ri tuge \u201dkaitse + ilus ja terve nahk&#8221; Usaldusv\u00e4\u00e4rne p\u00e4ikesekaitse, mis on alati k\u00e4ep\u00e4rast.Hooldav SUN Stick SPF50 \u00fchendab mineraalse tsinkoksiidi tugeva UV-kaitse ja nahka toitvad koostisosad, et pakkuda nahale turvalist ja mugavat kaitset [&hellip;]\" \/>\n<meta property=\"og:url\" content=\"https:\/\/beautyinstitute.ee\/toode\/sun-stick-spf50-35g\/\" \/>\n<meta property=\"og:site_name\" content=\"Beauty Institute\" \/>\n<meta property=\"article:modified_time\" content=\"2026-04-23T11:00:08+00:00\" \/>\n<meta property=\"og:image\" content=\"https:\/\/beautyinstitute.ee\/wp-content\/uploads\/2026\/04\/sunstick-.jpg\" \/>\n\t<meta property=\"og:image:width\" content=\"1920\" \/>\n\t<meta property=\"og:image:height\" content=\"1920\" \/>\n\t<meta property=\"og:image:type\" content=\"image\/jpeg\" \/>\n<meta name=\"twitter:card\" content=\"summary_large_image\" \/>\n<meta name=\"twitter:site\" content=\"@Beauty_Eesti\" \/>\n<meta name=\"twitter:label1\" content=\"\u041f\u0440\u0438\u043c\u0435\u0440\u043d\u043e\u0435 \u0432\u0440\u0435\u043c\u044f \u0434\u043b\u044f \u0447\u0442\u0435\u043d\u0438\u044f\" \/>\n\t<meta name=\"twitter:data1\" content=\"2 \u043c\u0438\u043d\u0443\u0442\u044b\" \/>\n<script type=\"application\/ld+json\" class=\"yoast-schema-graph\">{\"@context\":\"https:\/\/schema.org\",\"@graph\":[{\"@type\":\"WebPage\",\"@id\":\"https:\/\/beautyinstitute.ee\/toode\/sun-stick-spf50-35g\/\",\"url\":\"https:\/\/beautyinstitute.ee\/toode\/sun-stick-spf50-35g\/\",\"name\":\"Sun Stick, Spf50, 35G - Beauty Institute\",\"isPartOf\":{\"@id\":\"https:\/\/beautyinstitute.ee\/#website\"},\"primaryImageOfPage\":{\"@id\":\"https:\/\/beautyinstitute.ee\/toode\/sun-stick-spf50-35g\/#primaryimage\"},\"image\":{\"@id\":\"https:\/\/beautyinstitute.ee\/toode\/sun-stick-spf50-35g\/#primaryimage\"},\"thumbnailUrl\":\"https:\/\/beautyinstitute.ee\/wp-content\/uploads\/2026\/04\/sunstick-.jpg\",\"datePublished\":\"2026-04-06T12:15:42+00:00\",\"dateModified\":\"2026-04-23T11:00:08+00:00\",\"breadcrumb\":{\"@id\":\"https:\/\/beautyinstitute.ee\/toode\/sun-stick-spf50-35g\/#breadcrumb\"},\"inLanguage\":\"ru-RU\",\"potentialAction\":[{\"@type\":\"ReadAction\",\"target\":[\"https:\/\/beautyinstitute.ee\/toode\/sun-stick-spf50-35g\/\"]}]},{\"@type\":\"ImageObject\",\"inLanguage\":\"ru-RU\",\"@id\":\"https:\/\/beautyinstitute.ee\/toode\/sun-stick-spf50-35g\/#primaryimage\",\"url\":\"https:\/\/beautyinstitute.ee\/wp-content\/uploads\/2026\/04\/sunstick-.jpg\",\"contentUrl\":\"https:\/\/beautyinstitute.ee\/wp-content\/uploads\/2026\/04\/sunstick-.jpg\",\"width\":1920,\"height\":1920},{\"@type\":\"BreadcrumbList\",\"@id\":\"https:\/\/beautyinstitute.ee\/toode\/sun-stick-spf50-35g\/#breadcrumb\",\"itemListElement\":[{\"@type\":\"ListItem\",\"position\":1,\"name\":\"Home\",\"item\":\"https:\/\/beautyinstitute.ee\/ru\/\"},{\"@type\":\"ListItem\",\"position\":2,\"name\":\"E-pood\",\"item\":\"https:\/\/beautyinstitute.ee\/e-pood\/\"},{\"@type\":\"ListItem\",\"position\":3,\"name\":\"Sun Stick, Spf50, 35G\"}]},{\"@type\":\"WebSite\",\"@id\":\"https:\/\/beautyinstitute.ee\/#website\",\"url\":\"https:\/\/beautyinstitute.ee\/\",\"name\":\"Beauty Institute\",\"description\":\"CNC Cosmetic ametlik maaletooja ja edasim\u00fc\u00fcja Eestis, Soomes, L\u00e4tis. Aparaadikosmeetika, koolitused, kosmeetikatooted.\",\"potentialAction\":[{\"@type\":\"SearchAction\",\"target\":{\"@type\":\"EntryPoint\",\"urlTemplate\":\"https:\/\/beautyinstitute.ee\/?s={search_term_string}\"},\"query-input\":{\"@type\":\"PropertyValueSpecification\",\"valueRequired\":true,\"valueName\":\"search_term_string\"}}],\"inLanguage\":\"ru-RU\"}]}<\/script>\n<!-- \/ Yoast SEO plugin. -->","yoast_head_json":{"title":"Sun Stick, Spf50, 35G - Beauty Institute","robots":{"index":"index","follow":"follow","max-snippet":"max-snippet:-1","max-image-preview":"max-image-preview:large","max-video-preview":"max-video-preview:-1"},"canonical":"https:\/\/beautyinstitute.ee\/toode\/sun-stick-spf50-35g\/","og_locale":"ru_RU","og_type":"article","og_title":"Sun Stick, Spf50, 35G - Beauty Institute","og_description":"On aeg valida midagi, mis hooldab nahka, mitte ei koorma seda. Enamik SPF-e keskendub ainult kaitsele. Aga nahk vajab ka:\u2714 niisutust\u2714 antioks\u00fcdante\u2714 barj\u00e4\u00e4ri tuge \u201dkaitse + ilus ja terve nahk&#8221; Usaldusv\u00e4\u00e4rne p\u00e4ikesekaitse, mis on alati k\u00e4ep\u00e4rast.Hooldav SUN Stick SPF50 \u00fchendab mineraalse tsinkoksiidi tugeva UV-kaitse ja nahka toitvad koostisosad, et pakkuda nahale turvalist ja mugavat kaitset [&hellip;]","og_url":"https:\/\/beautyinstitute.ee\/toode\/sun-stick-spf50-35g\/","og_site_name":"Beauty Institute","article_modified_time":"2026-04-23T11:00:08+00:00","og_image":[{"width":1920,"height":1920,"url":"https:\/\/beautyinstitute.ee\/wp-content\/uploads\/2026\/04\/sunstick-.jpg","type":"image\/jpeg"}],"twitter_card":"summary_large_image","twitter_site":"@Beauty_Eesti","twitter_misc":{"\u041f\u0440\u0438\u043c\u0435\u0440\u043d\u043e\u0435 \u0432\u0440\u0435\u043c\u044f \u0434\u043b\u044f \u0447\u0442\u0435\u043d\u0438\u044f":"2 \u043c\u0438\u043d\u0443\u0442\u044b"},"schema":{"@context":"https:\/\/schema.org","@graph":[{"@type":"WebPage","@id":"https:\/\/beautyinstitute.ee\/toode\/sun-stick-spf50-35g\/","url":"https:\/\/beautyinstitute.ee\/toode\/sun-stick-spf50-35g\/","name":"Sun Stick, Spf50, 35G - Beauty Institute","isPartOf":{"@id":"https:\/\/beautyinstitute.ee\/#website"},"primaryImageOfPage":{"@id":"https:\/\/beautyinstitute.ee\/toode\/sun-stick-spf50-35g\/#primaryimage"},"image":{"@id":"https:\/\/beautyinstitute.ee\/toode\/sun-stick-spf50-35g\/#primaryimage"},"thumbnailUrl":"https:\/\/beautyinstitute.ee\/wp-content\/uploads\/2026\/04\/sunstick-.jpg","datePublished":"2026-04-06T12:15:42+00:00","dateModified":"2026-04-23T11:00:08+00:00","breadcrumb":{"@id":"https:\/\/beautyinstitute.ee\/toode\/sun-stick-spf50-35g\/#breadcrumb"},"inLanguage":"ru-RU","potentialAction":[{"@type":"ReadAction","target":["https:\/\/beautyinstitute.ee\/toode\/sun-stick-spf50-35g\/"]}]},{"@type":"ImageObject","inLanguage":"ru-RU","@id":"https:\/\/beautyinstitute.ee\/toode\/sun-stick-spf50-35g\/#primaryimage","url":"https:\/\/beautyinstitute.ee\/wp-content\/uploads\/2026\/04\/sunstick-.jpg","contentUrl":"https:\/\/beautyinstitute.ee\/wp-content\/uploads\/2026\/04\/sunstick-.jpg","width":1920,"height":1920},{"@type":"BreadcrumbList","@id":"https:\/\/beautyinstitute.ee\/toode\/sun-stick-spf50-35g\/#breadcrumb","itemListElement":[{"@type":"ListItem","position":1,"name":"Home","item":"https:\/\/beautyinstitute.ee\/ru\/"},{"@type":"ListItem","position":2,"name":"E-pood","item":"https:\/\/beautyinstitute.ee\/e-pood\/"},{"@type":"ListItem","position":3,"name":"Sun Stick, Spf50, 35G"}]},{"@type":"WebSite","@id":"https:\/\/beautyinstitute.ee\/#website","url":"https:\/\/beautyinstitute.ee\/","name":"Beauty Institute","description":"CNC Cosmetic ametlik maaletooja ja edasim\u00fc\u00fcja Eestis, Soomes, L\u00e4tis. Aparaadikosmeetika, koolitused, kosmeetikatooted.","potentialAction":[{"@type":"SearchAction","target":{"@type":"EntryPoint","urlTemplate":"https:\/\/beautyinstitute.ee\/?s={search_term_string}"},"query-input":{"@type":"PropertyValueSpecification","valueRequired":true,"valueName":"search_term_string"}}],"inLanguage":"ru-RU"}]}},"_links":{"self":[{"href":"https:\/\/beautyinstitute.ee\/ru\/wp-json\/wp\/v2\/product\/38030","targetHints":{"allow":["GET"]}}],"collection":[{"href":"https:\/\/beautyinstitute.ee\/ru\/wp-json\/wp\/v2\/product"}],"about":[{"href":"https:\/\/beautyinstitute.ee\/ru\/wp-json\/wp\/v2\/types\/product"}],"wp:featuredmedia":[{"embeddable":true,"href":"https:\/\/beautyinstitute.ee\/ru\/wp-json\/wp\/v2\/media\/38034"}],"wp:attachment":[{"href":"https:\/\/beautyinstitute.ee\/ru\/wp-json\/wp\/v2\/media?parent=38030"}],"wp:term":[{"taxonomy":"product_cat","embeddable":true,"href":"https:\/\/beautyinstitute.ee\/ru\/wp-json\/wp\/v2\/product_cat?post=38030"},{"taxonomy":"product_tag","embeddable":true,"href":"https:\/\/beautyinstitute.ee\/ru\/wp-json\/wp\/v2\/product_tag?post=38030"}],"curies":[{"name":"wp","href":"https:\/\/api.w.org\/{rel}","templated":true}]}}