{"id":38037,"date":"2026-04-06T15:19:38","date_gmt":"2026-04-06T12:19:38","guid":{"rendered":"https:\/\/beautyinstitute.ee\/?post_type=product&#038;p=38037"},"modified":"2026-04-24T08:54:27","modified_gmt":"2026-04-24T05:54:27","slug":"sun-dual-sun-spray-spf-50-200-ml","status":"publish","type":"product","link":"https:\/\/beautyinstitute.ee\/ru\/toode\/sun-dual-sun-spray-spf-50-200-ml\/","title":{"rendered":"Sun Dual Sun Spray Spf 50, 200 Ml"},"content":{"rendered":"<p data-start=\"116\" data-end=\"283\">Kahefaasiline p\u00e4ikesesprei SPF 50-ga, pakub laiaulatuslikku kaitset UVA-, UVB- ja sinise valguse eest \u2013 samal ajal hooldades nahka nagu t\u00f5eline suvine ilueliksiir.<\/p>\n<p data-start=\"116\" data-end=\"283\">Innovatiivne koostis t\u00fcrosiini ja B2-vitamiiniga toetab naha loomulikku melaniini tootmist, aidates saavutada kiiremini \u00fchtlase, kauni ja kauakestva p\u00e4evituse. Kerge, siidine tekstuur sulandub nahaga, j\u00e4ttes selle niisutatuks, kaitstuks ja s\u00e4ravaks.<\/p>\n<p data-start=\"536\" data-end=\"667\"><strong>See ei ole lihtsalt p\u00e4ikesekaitse \u2013 see on suvine nahahooldus, mis hoiab naha eluj\u00f5ulise ja tasakaalus ka intensiivse p\u00e4ikese k\u00e4es.<\/strong><\/p>\n<p data-start=\"674\" data-end=\"798\"><strong data-start=\"674\" data-end=\"683\">Vaba: <\/strong>oks\u00fcbensoonist, oktinoksaadist ja oktokr\u00fcleenist, mikroplastist, loomsetest derivaatidest, nanoosakestest<\/p>\n<p data-start=\"805\" data-end=\"839\"><strong data-start=\"805\" data-end=\"815\">Sobib:<\/strong><br data-start=\"815\" data-end=\"818\" \/>K\u00f5igile nahat\u00fc\u00fcpidele<\/p>\n<p data-start=\"846\" data-end=\"858\"><strong data-start=\"846\" data-end=\"858\">Eelised:<\/strong><\/p>\n<ul data-start=\"860\" data-end=\"1113\">\n<li data-section-id=\"fwyuc7\" data-start=\"860\" data-end=\"914\">Lai spekter UV-kaitset (UVA + UVB + sinine valgus)<\/li>\n<li data-section-id=\"14xsgnj\" data-start=\"915\" data-end=\"963\">Toetab loomulikku p\u00e4evitust ja \u00fchtlast jumet<\/li>\n<li data-section-id=\"434lm1\" data-start=\"964\" data-end=\"1008\">Niisutab ja tugevdab naha kaitsebarj\u00e4\u00e4ri<\/li>\n<li data-section-id=\"uk3e14\" data-start=\"1009\" data-end=\"1045\">Antioks\u00fcdantne ja rakkude kaitse<\/li>\n<li data-section-id=\"e1hyal\" data-start=\"1046\" data-end=\"1086\">Kerge, modernne ja meeldiv nahatunne<\/li>\n<li data-section-id=\"1pluin\" data-start=\"1087\" data-end=\"1113\">T\u00f5eline suve MUST-HAVE<\/li>\n<\/ul>\n<p data-start=\"1120\" data-end=\"1135\"><strong>Sprei, mis <\/strong><\/p>\n<ol>\n<li data-start=\"1120\" data-end=\"1135\">Kaitseb<\/li>\n<li data-start=\"1120\" data-end=\"1135\">Hooldab<\/li>\n<li data-start=\"1120\" data-end=\"1135\">Nahk t\u00e4nab ja s\u00e4rab<\/li>\n<\/ol>\n<p data-start=\"1120\" data-end=\"1135\"><strong data-start=\"1120\" data-end=\"1135\">Kasutamine: <\/strong>Loksuta enne kasutamist v\u00e4hemalt 5 sekundit, et kaks faasi seguneksid. Pihusta nahale (n\u00e4ole ja kehale), v\u00e4ltides silma\u00fcmbrust, ning masseeri \u00f5rnalt sisse. Kanna uuesti peale iga paari tunni j\u00e4rel, eriti p\u00e4rast higistamist, ujumist v\u00f5i naha kuivatamist.<\/p>\n<p data-start=\"1120\" data-end=\"1135\"><strong data-start=\"1399\" data-end=\"1423\">Peamised toimeained: <\/strong>Kaasaegsete orgaaniliste UV-filtrite kombinatsioon, t\u00fcrosiin (melaniini tootmise toetaja), B2-vitamiin, ATP (adenosiintrifosfaat), Lithops pseudotruncatella kalluse l\u00fcsaat, maisiidu\u00f5li, safloori\u00f5li, porgandijuure ekstrakt, karotenoidid<\/p>\n<p>&nbsp;<\/p>\n","protected":false},"excerpt":{"rendered":"<p>Kahefaasiline p\u00e4ikesesprei SPF 50-ga, pakub laiaulatuslikku kaitset UVA-, UVB- ja sinise valguse eest \u2013 samal ajal hooldades nahka nagu t\u00f5eline suvine ilueliksiir. Innovatiivne koostis t\u00fcrosiini ja B2-vitamiiniga toetab naha loomulikku melaniini tootmist, aidates saavutada kiiremini \u00fchtlase, kauni ja kauakestva p\u00e4evituse. Kerge, siidine tekstuur sulandub nahaga, j\u00e4ttes selle niisutatuks, kaitstuks ja s\u00e4ravaks. See ei ole lihtsalt [&hellip;]<\/p>\n","protected":false},"featured_media":38038,"template":"","meta":{"_acf_changed":false},"product_cat":[279,252,186,123],"product_tag":[],"class_list":["post-38037","product","type-product","status-publish","has-post-thumbnail","hentry","product_cat-summer-magic","product_cat-uv-kaitse","product_cat-uued-tulijad","product_cat-sun"],"acf":[],"yoast_head":"<!-- This site is optimized with the Yoast SEO plugin v25.4 - https:\/\/yoast.com\/wordpress\/plugins\/seo\/ -->\n<title>Sun Dual Sun Spray Spf 50, 200 Ml - Beauty Institute<\/title>\n<meta name=\"robots\" content=\"index, follow, max-snippet:-1, max-image-preview:large, max-video-preview:-1\" \/>\n<link rel=\"canonical\" href=\"https:\/\/beautyinstitute.ee\/toode\/sun-dual-sun-spray-spf-50-200-ml\/\" \/>\n<meta property=\"og:locale\" content=\"ru_RU\" \/>\n<meta property=\"og:type\" content=\"article\" \/>\n<meta property=\"og:title\" content=\"Sun Dual Sun Spray Spf 50, 200 Ml - Beauty Institute\" \/>\n<meta property=\"og:description\" content=\"Kahefaasiline p\u00e4ikesesprei SPF 50-ga, pakub laiaulatuslikku kaitset UVA-, UVB- ja sinise valguse eest \u2013 samal ajal hooldades nahka nagu t\u00f5eline suvine ilueliksiir. Innovatiivne koostis t\u00fcrosiini ja B2-vitamiiniga toetab naha loomulikku melaniini tootmist, aidates saavutada kiiremini \u00fchtlase, kauni ja kauakestva p\u00e4evituse. Kerge, siidine tekstuur sulandub nahaga, j\u00e4ttes selle niisutatuks, kaitstuks ja s\u00e4ravaks. See ei ole lihtsalt [&hellip;]\" \/>\n<meta property=\"og:url\" content=\"https:\/\/beautyinstitute.ee\/toode\/sun-dual-sun-spray-spf-50-200-ml\/\" \/>\n<meta property=\"og:site_name\" content=\"Beauty Institute\" \/>\n<meta property=\"article:modified_time\" content=\"2026-04-24T05:54:27+00:00\" \/>\n<meta property=\"og:image\" content=\"https:\/\/beautyinstitute.ee\/wp-content\/uploads\/2026\/04\/sun-sprei-1.jpg\" \/>\n\t<meta property=\"og:image:width\" content=\"1920\" \/>\n\t<meta property=\"og:image:height\" content=\"1920\" \/>\n\t<meta property=\"og:image:type\" content=\"image\/jpeg\" \/>\n<meta name=\"twitter:card\" content=\"summary_large_image\" \/>\n<meta name=\"twitter:site\" content=\"@Beauty_Eesti\" \/>\n<meta name=\"twitter:label1\" content=\"\u041f\u0440\u0438\u043c\u0435\u0440\u043d\u043e\u0435 \u0432\u0440\u0435\u043c\u044f \u0434\u043b\u044f \u0447\u0442\u0435\u043d\u0438\u044f\" \/>\n\t<meta name=\"twitter:data1\" content=\"2 \u043c\u0438\u043d\u0443\u0442\u044b\" \/>\n<script type=\"application\/ld+json\" class=\"yoast-schema-graph\">{\"@context\":\"https:\/\/schema.org\",\"@graph\":[{\"@type\":\"WebPage\",\"@id\":\"https:\/\/beautyinstitute.ee\/toode\/sun-dual-sun-spray-spf-50-200-ml\/\",\"url\":\"https:\/\/beautyinstitute.ee\/toode\/sun-dual-sun-spray-spf-50-200-ml\/\",\"name\":\"Sun Dual Sun Spray Spf 50, 200 Ml - Beauty Institute\",\"isPartOf\":{\"@id\":\"https:\/\/beautyinstitute.ee\/#website\"},\"primaryImageOfPage\":{\"@id\":\"https:\/\/beautyinstitute.ee\/toode\/sun-dual-sun-spray-spf-50-200-ml\/#primaryimage\"},\"image\":{\"@id\":\"https:\/\/beautyinstitute.ee\/toode\/sun-dual-sun-spray-spf-50-200-ml\/#primaryimage\"},\"thumbnailUrl\":\"https:\/\/beautyinstitute.ee\/wp-content\/uploads\/2026\/04\/sun-sprei-1.jpg\",\"datePublished\":\"2026-04-06T12:19:38+00:00\",\"dateModified\":\"2026-04-24T05:54:27+00:00\",\"breadcrumb\":{\"@id\":\"https:\/\/beautyinstitute.ee\/toode\/sun-dual-sun-spray-spf-50-200-ml\/#breadcrumb\"},\"inLanguage\":\"ru-RU\",\"potentialAction\":[{\"@type\":\"ReadAction\",\"target\":[\"https:\/\/beautyinstitute.ee\/toode\/sun-dual-sun-spray-spf-50-200-ml\/\"]}]},{\"@type\":\"ImageObject\",\"inLanguage\":\"ru-RU\",\"@id\":\"https:\/\/beautyinstitute.ee\/toode\/sun-dual-sun-spray-spf-50-200-ml\/#primaryimage\",\"url\":\"https:\/\/beautyinstitute.ee\/wp-content\/uploads\/2026\/04\/sun-sprei-1.jpg\",\"contentUrl\":\"https:\/\/beautyinstitute.ee\/wp-content\/uploads\/2026\/04\/sun-sprei-1.jpg\",\"width\":1920,\"height\":1920},{\"@type\":\"BreadcrumbList\",\"@id\":\"https:\/\/beautyinstitute.ee\/toode\/sun-dual-sun-spray-spf-50-200-ml\/#breadcrumb\",\"itemListElement\":[{\"@type\":\"ListItem\",\"position\":1,\"name\":\"Home\",\"item\":\"https:\/\/beautyinstitute.ee\/ru\/\"},{\"@type\":\"ListItem\",\"position\":2,\"name\":\"E-pood\",\"item\":\"https:\/\/beautyinstitute.ee\/e-pood\/\"},{\"@type\":\"ListItem\",\"position\":3,\"name\":\"Sun Dual Sun Spray Spf 50, 200 Ml\"}]},{\"@type\":\"WebSite\",\"@id\":\"https:\/\/beautyinstitute.ee\/#website\",\"url\":\"https:\/\/beautyinstitute.ee\/\",\"name\":\"Beauty Institute\",\"description\":\"CNC Cosmetic ametlik maaletooja ja edasim\u00fc\u00fcja Eestis, Soomes, L\u00e4tis. Aparaadikosmeetika, koolitused, kosmeetikatooted.\",\"potentialAction\":[{\"@type\":\"SearchAction\",\"target\":{\"@type\":\"EntryPoint\",\"urlTemplate\":\"https:\/\/beautyinstitute.ee\/?s={search_term_string}\"},\"query-input\":{\"@type\":\"PropertyValueSpecification\",\"valueRequired\":true,\"valueName\":\"search_term_string\"}}],\"inLanguage\":\"ru-RU\"}]}<\/script>\n<!-- \/ Yoast SEO plugin. -->","yoast_head_json":{"title":"Sun Dual Sun Spray Spf 50, 200 Ml - Beauty Institute","robots":{"index":"index","follow":"follow","max-snippet":"max-snippet:-1","max-image-preview":"max-image-preview:large","max-video-preview":"max-video-preview:-1"},"canonical":"https:\/\/beautyinstitute.ee\/toode\/sun-dual-sun-spray-spf-50-200-ml\/","og_locale":"ru_RU","og_type":"article","og_title":"Sun Dual Sun Spray Spf 50, 200 Ml - Beauty Institute","og_description":"Kahefaasiline p\u00e4ikesesprei SPF 50-ga, pakub laiaulatuslikku kaitset UVA-, UVB- ja sinise valguse eest \u2013 samal ajal hooldades nahka nagu t\u00f5eline suvine ilueliksiir. Innovatiivne koostis t\u00fcrosiini ja B2-vitamiiniga toetab naha loomulikku melaniini tootmist, aidates saavutada kiiremini \u00fchtlase, kauni ja kauakestva p\u00e4evituse. Kerge, siidine tekstuur sulandub nahaga, j\u00e4ttes selle niisutatuks, kaitstuks ja s\u00e4ravaks. See ei ole lihtsalt [&hellip;]","og_url":"https:\/\/beautyinstitute.ee\/toode\/sun-dual-sun-spray-spf-50-200-ml\/","og_site_name":"Beauty Institute","article_modified_time":"2026-04-24T05:54:27+00:00","og_image":[{"width":1920,"height":1920,"url":"https:\/\/beautyinstitute.ee\/wp-content\/uploads\/2026\/04\/sun-sprei-1.jpg","type":"image\/jpeg"}],"twitter_card":"summary_large_image","twitter_site":"@Beauty_Eesti","twitter_misc":{"\u041f\u0440\u0438\u043c\u0435\u0440\u043d\u043e\u0435 \u0432\u0440\u0435\u043c\u044f \u0434\u043b\u044f \u0447\u0442\u0435\u043d\u0438\u044f":"2 \u043c\u0438\u043d\u0443\u0442\u044b"},"schema":{"@context":"https:\/\/schema.org","@graph":[{"@type":"WebPage","@id":"https:\/\/beautyinstitute.ee\/toode\/sun-dual-sun-spray-spf-50-200-ml\/","url":"https:\/\/beautyinstitute.ee\/toode\/sun-dual-sun-spray-spf-50-200-ml\/","name":"Sun Dual Sun Spray Spf 50, 200 Ml - Beauty Institute","isPartOf":{"@id":"https:\/\/beautyinstitute.ee\/#website"},"primaryImageOfPage":{"@id":"https:\/\/beautyinstitute.ee\/toode\/sun-dual-sun-spray-spf-50-200-ml\/#primaryimage"},"image":{"@id":"https:\/\/beautyinstitute.ee\/toode\/sun-dual-sun-spray-spf-50-200-ml\/#primaryimage"},"thumbnailUrl":"https:\/\/beautyinstitute.ee\/wp-content\/uploads\/2026\/04\/sun-sprei-1.jpg","datePublished":"2026-04-06T12:19:38+00:00","dateModified":"2026-04-24T05:54:27+00:00","breadcrumb":{"@id":"https:\/\/beautyinstitute.ee\/toode\/sun-dual-sun-spray-spf-50-200-ml\/#breadcrumb"},"inLanguage":"ru-RU","potentialAction":[{"@type":"ReadAction","target":["https:\/\/beautyinstitute.ee\/toode\/sun-dual-sun-spray-spf-50-200-ml\/"]}]},{"@type":"ImageObject","inLanguage":"ru-RU","@id":"https:\/\/beautyinstitute.ee\/toode\/sun-dual-sun-spray-spf-50-200-ml\/#primaryimage","url":"https:\/\/beautyinstitute.ee\/wp-content\/uploads\/2026\/04\/sun-sprei-1.jpg","contentUrl":"https:\/\/beautyinstitute.ee\/wp-content\/uploads\/2026\/04\/sun-sprei-1.jpg","width":1920,"height":1920},{"@type":"BreadcrumbList","@id":"https:\/\/beautyinstitute.ee\/toode\/sun-dual-sun-spray-spf-50-200-ml\/#breadcrumb","itemListElement":[{"@type":"ListItem","position":1,"name":"Home","item":"https:\/\/beautyinstitute.ee\/ru\/"},{"@type":"ListItem","position":2,"name":"E-pood","item":"https:\/\/beautyinstitute.ee\/e-pood\/"},{"@type":"ListItem","position":3,"name":"Sun Dual Sun Spray Spf 50, 200 Ml"}]},{"@type":"WebSite","@id":"https:\/\/beautyinstitute.ee\/#website","url":"https:\/\/beautyinstitute.ee\/","name":"Beauty Institute","description":"CNC Cosmetic ametlik maaletooja ja edasim\u00fc\u00fcja Eestis, Soomes, L\u00e4tis. Aparaadikosmeetika, koolitused, kosmeetikatooted.","potentialAction":[{"@type":"SearchAction","target":{"@type":"EntryPoint","urlTemplate":"https:\/\/beautyinstitute.ee\/?s={search_term_string}"},"query-input":{"@type":"PropertyValueSpecification","valueRequired":true,"valueName":"search_term_string"}}],"inLanguage":"ru-RU"}]}},"_links":{"self":[{"href":"https:\/\/beautyinstitute.ee\/ru\/wp-json\/wp\/v2\/product\/38037","targetHints":{"allow":["GET"]}}],"collection":[{"href":"https:\/\/beautyinstitute.ee\/ru\/wp-json\/wp\/v2\/product"}],"about":[{"href":"https:\/\/beautyinstitute.ee\/ru\/wp-json\/wp\/v2\/types\/product"}],"wp:featuredmedia":[{"embeddable":true,"href":"https:\/\/beautyinstitute.ee\/ru\/wp-json\/wp\/v2\/media\/38038"}],"wp:attachment":[{"href":"https:\/\/beautyinstitute.ee\/ru\/wp-json\/wp\/v2\/media?parent=38037"}],"wp:term":[{"taxonomy":"product_cat","embeddable":true,"href":"https:\/\/beautyinstitute.ee\/ru\/wp-json\/wp\/v2\/product_cat?post=38037"},{"taxonomy":"product_tag","embeddable":true,"href":"https:\/\/beautyinstitute.ee\/ru\/wp-json\/wp\/v2\/product_tag?post=38037"}],"curies":[{"name":"wp","href":"https:\/\/api.w.org\/{rel}","templated":true}]}}