{"id":38081,"date":"2026-04-08T15:55:56","date_gmt":"2026-04-08T12:55:56","guid":{"rendered":"https:\/\/beautyinstitute.ee\/?post_type=product&#038;p=38081"},"modified":"2026-04-25T10:33:19","modified_gmt":"2026-04-25T07:33:19","slug":"ampullid-after-sun-repair-ektoiin-aloe-vera-10-x-2-ml","status":"publish","type":"product","link":"https:\/\/beautyinstitute.ee\/ru\/toode\/ampullid-after-sun-repair-ektoiin-aloe-vera-10-x-2-ml\/","title":{"rendered":"Ampullid After Sun Repair &#8211; Ektoiin &#038; Aloe Vera 10 X 2 Ml"},"content":{"rendered":"<p data-start=\"131\" data-end=\"312\">Spetsiaalne lisahooldus nahale p\u00e4rast p\u00e4ikese k\u00e4es viibimist. See intensiivne ampull rahustab, taastab ja aitab nahal kiiremini tasakaalu taastada p\u00e4rast p\u00e4ikesest tingitud stressi.<\/p>\n<p data-start=\"314\" data-end=\"448\">Kerge, kuid t\u00f5hus koostis niisutab s\u00fcgavuti ning toetab naha loomulikku taastumisprotsessi, j\u00e4ttes naha pehmeks, siledaks ja v\u00e4rskeks.<\/p>\n<p data-start=\"467\" data-end=\"674\"><strong>Toime:<\/strong> Merekummel ja aaloe vera rahustavad ning aitavad v\u00e4hendada p\u00f5letikulisi reaktsioone, samal ajal kui ektoiin \u2013 tuntud kui \u201celluj\u00e4\u00e4mise molekul\u201d \u2013 kaitseb nahka UV-kahjustuste eest ja aitab s\u00e4ilitada niiskust. Nahk muutub elastsemaks, niisutatumaks ning peened jooned on visuaalselt silutud. Samuti aitab toode ennetada uute kortsude teket.<\/p>\n<p data-start=\"813\" data-end=\"847\"><strong data-start=\"813\" data-end=\"823\">Sobib: <\/strong>K\u00f5igile nahat\u00fc\u00fcpidele<\/p>\n<p data-start=\"854\" data-end=\"877\"><strong data-start=\"854\" data-end=\"877\">Miks sa seda vajad:<\/strong><\/p>\n<ul data-start=\"879\" data-end=\"1026\">\n<li data-section-id=\"nz2s1w\" data-start=\"879\" data-end=\"919\"> Rahustab p\u00e4ikesest stressis nahka<\/li>\n<li data-section-id=\"1oefxnu\" data-start=\"920\" data-end=\"975\"> Taastab niiskustasakaalu ja kaitseb kuivuse eest<\/li>\n<li data-section-id=\"1ickxdc\" data-start=\"976\" data-end=\"1026\">\u2728 Silub peeneid jooni ja toetab naha elastsust<\/li>\n<\/ul>\n<p data-start=\"1033\" data-end=\"1048\"><strong data-start=\"1033\" data-end=\"1048\">Kasutamine: <\/strong>Kanna ampull \u00a0 puhastatud nahale ja patsuta \u00f5rnalt sisse. Seej\u00e4rel kasuta oma tavap\u00e4rast hoolduskreemi.<\/p>\n<p data-start=\"1173\" data-end=\"1197\"><strong data-start=\"1173\" data-end=\"1197\">Peamised toimeained: <\/strong>Pantenool, aaloe vera, suhkrupeedi ekstrakt, allantoiin, merekummel, ektoiin<\/p>\n<p data-start=\"1282\" data-end=\"1291\"><strong data-start=\"1282\" data-end=\"1291\">Nipp: <\/strong>Koos Ultrasonic Beauty Light seadmega kasutades imenduvad toimeained s\u00fcgavamale nahakihtidesse, suurendades hoolduse efektiivsust.<\/p>\n","protected":false},"excerpt":{"rendered":"<p>Spetsiaalne lisahooldus nahale p\u00e4rast p\u00e4ikese k\u00e4es viibimist. See intensiivne ampull rahustab, taastab ja aitab nahal kiiremini tasakaalu taastada p\u00e4rast p\u00e4ikesest tingitud stressi. Kerge, kuid t\u00f5hus koostis niisutab s\u00fcgavuti ning toetab naha loomulikku taastumisprotsessi, j\u00e4ttes naha pehmeks, siledaks ja v\u00e4rskeks. Toime: Merekummel ja aaloe vera rahustavad ning aitavad v\u00e4hendada p\u00f5letikulisi reaktsioone, samal ajal kui ektoiin \u2013 [&hellip;]<\/p>\n","protected":false},"featured_media":38082,"template":"","meta":{"_acf_changed":false},"product_cat":[279,150,252,186,123],"product_tag":[],"class_list":["post-38081","product","type-product","status-publish","has-post-thumbnail","hentry","product_cat-summer-magic","product_cat-ampullikontsentraadid","product_cat-uv-kaitse","product_cat-uued-tulijad","product_cat-sun"],"acf":[],"yoast_head":"<!-- This site is optimized with the Yoast SEO plugin v25.4 - https:\/\/yoast.com\/wordpress\/plugins\/seo\/ -->\n<title>Ampullid After Sun Repair - Ektoiin &amp; Aloe Vera 10 X 2 Ml - Beauty Institute<\/title>\n<meta name=\"robots\" content=\"index, follow, max-snippet:-1, max-image-preview:large, max-video-preview:-1\" \/>\n<link rel=\"canonical\" href=\"https:\/\/beautyinstitute.ee\/toode\/ampullid-after-sun-repair-ektoiin-aloe-vera-10-x-2-ml\/\" \/>\n<meta property=\"og:locale\" content=\"ru_RU\" \/>\n<meta property=\"og:type\" content=\"article\" \/>\n<meta property=\"og:title\" content=\"Ampullid After Sun Repair - Ektoiin &amp; Aloe Vera 10 X 2 Ml - Beauty Institute\" \/>\n<meta property=\"og:description\" content=\"Spetsiaalne lisahooldus nahale p\u00e4rast p\u00e4ikese k\u00e4es viibimist. See intensiivne ampull rahustab, taastab ja aitab nahal kiiremini tasakaalu taastada p\u00e4rast p\u00e4ikesest tingitud stressi. Kerge, kuid t\u00f5hus koostis niisutab s\u00fcgavuti ning toetab naha loomulikku taastumisprotsessi, j\u00e4ttes naha pehmeks, siledaks ja v\u00e4rskeks. Toime: Merekummel ja aaloe vera rahustavad ning aitavad v\u00e4hendada p\u00f5letikulisi reaktsioone, samal ajal kui ektoiin \u2013 [&hellip;]\" \/>\n<meta property=\"og:url\" content=\"https:\/\/beautyinstitute.ee\/toode\/ampullid-after-sun-repair-ektoiin-aloe-vera-10-x-2-ml\/\" \/>\n<meta property=\"og:site_name\" content=\"Beauty Institute\" \/>\n<meta property=\"article:modified_time\" content=\"2026-04-25T07:33:19+00:00\" \/>\n<meta property=\"og:image\" content=\"https:\/\/beautyinstitute.ee\/wp-content\/uploads\/2026\/04\/after-sun-pakk.jpg\" \/>\n\t<meta property=\"og:image:width\" content=\"1920\" \/>\n\t<meta property=\"og:image:height\" content=\"1920\" \/>\n\t<meta property=\"og:image:type\" content=\"image\/jpeg\" \/>\n<meta name=\"twitter:card\" content=\"summary_large_image\" \/>\n<meta name=\"twitter:site\" content=\"@Beauty_Eesti\" \/>\n<meta name=\"twitter:label1\" content=\"\u041f\u0440\u0438\u043c\u0435\u0440\u043d\u043e\u0435 \u0432\u0440\u0435\u043c\u044f \u0434\u043b\u044f \u0447\u0442\u0435\u043d\u0438\u044f\" \/>\n\t<meta name=\"twitter:data1\" content=\"2 \u043c\u0438\u043d\u0443\u0442\u044b\" \/>\n<script type=\"application\/ld+json\" class=\"yoast-schema-graph\">{\"@context\":\"https:\/\/schema.org\",\"@graph\":[{\"@type\":\"WebPage\",\"@id\":\"https:\/\/beautyinstitute.ee\/toode\/ampullid-after-sun-repair-ektoiin-aloe-vera-10-x-2-ml\/\",\"url\":\"https:\/\/beautyinstitute.ee\/toode\/ampullid-after-sun-repair-ektoiin-aloe-vera-10-x-2-ml\/\",\"name\":\"Ampullid After Sun Repair - Ektoiin & Aloe Vera 10 X 2 Ml - Beauty Institute\",\"isPartOf\":{\"@id\":\"https:\/\/beautyinstitute.ee\/#website\"},\"primaryImageOfPage\":{\"@id\":\"https:\/\/beautyinstitute.ee\/toode\/ampullid-after-sun-repair-ektoiin-aloe-vera-10-x-2-ml\/#primaryimage\"},\"image\":{\"@id\":\"https:\/\/beautyinstitute.ee\/toode\/ampullid-after-sun-repair-ektoiin-aloe-vera-10-x-2-ml\/#primaryimage\"},\"thumbnailUrl\":\"https:\/\/beautyinstitute.ee\/wp-content\/uploads\/2026\/04\/after-sun-pakk.jpg\",\"datePublished\":\"2026-04-08T12:55:56+00:00\",\"dateModified\":\"2026-04-25T07:33:19+00:00\",\"breadcrumb\":{\"@id\":\"https:\/\/beautyinstitute.ee\/toode\/ampullid-after-sun-repair-ektoiin-aloe-vera-10-x-2-ml\/#breadcrumb\"},\"inLanguage\":\"ru-RU\",\"potentialAction\":[{\"@type\":\"ReadAction\",\"target\":[\"https:\/\/beautyinstitute.ee\/toode\/ampullid-after-sun-repair-ektoiin-aloe-vera-10-x-2-ml\/\"]}]},{\"@type\":\"ImageObject\",\"inLanguage\":\"ru-RU\",\"@id\":\"https:\/\/beautyinstitute.ee\/toode\/ampullid-after-sun-repair-ektoiin-aloe-vera-10-x-2-ml\/#primaryimage\",\"url\":\"https:\/\/beautyinstitute.ee\/wp-content\/uploads\/2026\/04\/after-sun-pakk.jpg\",\"contentUrl\":\"https:\/\/beautyinstitute.ee\/wp-content\/uploads\/2026\/04\/after-sun-pakk.jpg\",\"width\":1920,\"height\":1920},{\"@type\":\"BreadcrumbList\",\"@id\":\"https:\/\/beautyinstitute.ee\/toode\/ampullid-after-sun-repair-ektoiin-aloe-vera-10-x-2-ml\/#breadcrumb\",\"itemListElement\":[{\"@type\":\"ListItem\",\"position\":1,\"name\":\"Home\",\"item\":\"https:\/\/beautyinstitute.ee\/ru\/\"},{\"@type\":\"ListItem\",\"position\":2,\"name\":\"E-pood\",\"item\":\"https:\/\/beautyinstitute.ee\/e-pood\/\"},{\"@type\":\"ListItem\",\"position\":3,\"name\":\"Ampullid After Sun Repair &#8211; Ektoiin &#038; Aloe Vera 10 X 2 Ml\"}]},{\"@type\":\"WebSite\",\"@id\":\"https:\/\/beautyinstitute.ee\/#website\",\"url\":\"https:\/\/beautyinstitute.ee\/\",\"name\":\"Beauty Institute\",\"description\":\"CNC Cosmetic ametlik maaletooja ja edasim\u00fc\u00fcja Eestis, Soomes, L\u00e4tis. Aparaadikosmeetika, koolitused, kosmeetikatooted.\",\"potentialAction\":[{\"@type\":\"SearchAction\",\"target\":{\"@type\":\"EntryPoint\",\"urlTemplate\":\"https:\/\/beautyinstitute.ee\/?s={search_term_string}\"},\"query-input\":{\"@type\":\"PropertyValueSpecification\",\"valueRequired\":true,\"valueName\":\"search_term_string\"}}],\"inLanguage\":\"ru-RU\"}]}<\/script>\n<!-- \/ Yoast SEO plugin. -->","yoast_head_json":{"title":"Ampullid After Sun Repair - Ektoiin & Aloe Vera 10 X 2 Ml - Beauty Institute","robots":{"index":"index","follow":"follow","max-snippet":"max-snippet:-1","max-image-preview":"max-image-preview:large","max-video-preview":"max-video-preview:-1"},"canonical":"https:\/\/beautyinstitute.ee\/toode\/ampullid-after-sun-repair-ektoiin-aloe-vera-10-x-2-ml\/","og_locale":"ru_RU","og_type":"article","og_title":"Ampullid After Sun Repair - Ektoiin & Aloe Vera 10 X 2 Ml - Beauty Institute","og_description":"Spetsiaalne lisahooldus nahale p\u00e4rast p\u00e4ikese k\u00e4es viibimist. See intensiivne ampull rahustab, taastab ja aitab nahal kiiremini tasakaalu taastada p\u00e4rast p\u00e4ikesest tingitud stressi. Kerge, kuid t\u00f5hus koostis niisutab s\u00fcgavuti ning toetab naha loomulikku taastumisprotsessi, j\u00e4ttes naha pehmeks, siledaks ja v\u00e4rskeks. Toime: Merekummel ja aaloe vera rahustavad ning aitavad v\u00e4hendada p\u00f5letikulisi reaktsioone, samal ajal kui ektoiin \u2013 [&hellip;]","og_url":"https:\/\/beautyinstitute.ee\/toode\/ampullid-after-sun-repair-ektoiin-aloe-vera-10-x-2-ml\/","og_site_name":"Beauty Institute","article_modified_time":"2026-04-25T07:33:19+00:00","og_image":[{"width":1920,"height":1920,"url":"https:\/\/beautyinstitute.ee\/wp-content\/uploads\/2026\/04\/after-sun-pakk.jpg","type":"image\/jpeg"}],"twitter_card":"summary_large_image","twitter_site":"@Beauty_Eesti","twitter_misc":{"\u041f\u0440\u0438\u043c\u0435\u0440\u043d\u043e\u0435 \u0432\u0440\u0435\u043c\u044f \u0434\u043b\u044f \u0447\u0442\u0435\u043d\u0438\u044f":"2 \u043c\u0438\u043d\u0443\u0442\u044b"},"schema":{"@context":"https:\/\/schema.org","@graph":[{"@type":"WebPage","@id":"https:\/\/beautyinstitute.ee\/toode\/ampullid-after-sun-repair-ektoiin-aloe-vera-10-x-2-ml\/","url":"https:\/\/beautyinstitute.ee\/toode\/ampullid-after-sun-repair-ektoiin-aloe-vera-10-x-2-ml\/","name":"Ampullid After Sun Repair - Ektoiin & Aloe Vera 10 X 2 Ml - Beauty Institute","isPartOf":{"@id":"https:\/\/beautyinstitute.ee\/#website"},"primaryImageOfPage":{"@id":"https:\/\/beautyinstitute.ee\/toode\/ampullid-after-sun-repair-ektoiin-aloe-vera-10-x-2-ml\/#primaryimage"},"image":{"@id":"https:\/\/beautyinstitute.ee\/toode\/ampullid-after-sun-repair-ektoiin-aloe-vera-10-x-2-ml\/#primaryimage"},"thumbnailUrl":"https:\/\/beautyinstitute.ee\/wp-content\/uploads\/2026\/04\/after-sun-pakk.jpg","datePublished":"2026-04-08T12:55:56+00:00","dateModified":"2026-04-25T07:33:19+00:00","breadcrumb":{"@id":"https:\/\/beautyinstitute.ee\/toode\/ampullid-after-sun-repair-ektoiin-aloe-vera-10-x-2-ml\/#breadcrumb"},"inLanguage":"ru-RU","potentialAction":[{"@type":"ReadAction","target":["https:\/\/beautyinstitute.ee\/toode\/ampullid-after-sun-repair-ektoiin-aloe-vera-10-x-2-ml\/"]}]},{"@type":"ImageObject","inLanguage":"ru-RU","@id":"https:\/\/beautyinstitute.ee\/toode\/ampullid-after-sun-repair-ektoiin-aloe-vera-10-x-2-ml\/#primaryimage","url":"https:\/\/beautyinstitute.ee\/wp-content\/uploads\/2026\/04\/after-sun-pakk.jpg","contentUrl":"https:\/\/beautyinstitute.ee\/wp-content\/uploads\/2026\/04\/after-sun-pakk.jpg","width":1920,"height":1920},{"@type":"BreadcrumbList","@id":"https:\/\/beautyinstitute.ee\/toode\/ampullid-after-sun-repair-ektoiin-aloe-vera-10-x-2-ml\/#breadcrumb","itemListElement":[{"@type":"ListItem","position":1,"name":"Home","item":"https:\/\/beautyinstitute.ee\/ru\/"},{"@type":"ListItem","position":2,"name":"E-pood","item":"https:\/\/beautyinstitute.ee\/e-pood\/"},{"@type":"ListItem","position":3,"name":"Ampullid After Sun Repair &#8211; Ektoiin &#038; Aloe Vera 10 X 2 Ml"}]},{"@type":"WebSite","@id":"https:\/\/beautyinstitute.ee\/#website","url":"https:\/\/beautyinstitute.ee\/","name":"Beauty Institute","description":"CNC Cosmetic ametlik maaletooja ja edasim\u00fc\u00fcja Eestis, Soomes, L\u00e4tis. Aparaadikosmeetika, koolitused, kosmeetikatooted.","potentialAction":[{"@type":"SearchAction","target":{"@type":"EntryPoint","urlTemplate":"https:\/\/beautyinstitute.ee\/?s={search_term_string}"},"query-input":{"@type":"PropertyValueSpecification","valueRequired":true,"valueName":"search_term_string"}}],"inLanguage":"ru-RU"}]}},"_links":{"self":[{"href":"https:\/\/beautyinstitute.ee\/ru\/wp-json\/wp\/v2\/product\/38081","targetHints":{"allow":["GET"]}}],"collection":[{"href":"https:\/\/beautyinstitute.ee\/ru\/wp-json\/wp\/v2\/product"}],"about":[{"href":"https:\/\/beautyinstitute.ee\/ru\/wp-json\/wp\/v2\/types\/product"}],"wp:featuredmedia":[{"embeddable":true,"href":"https:\/\/beautyinstitute.ee\/ru\/wp-json\/wp\/v2\/media\/38082"}],"wp:attachment":[{"href":"https:\/\/beautyinstitute.ee\/ru\/wp-json\/wp\/v2\/media?parent=38081"}],"wp:term":[{"taxonomy":"product_cat","embeddable":true,"href":"https:\/\/beautyinstitute.ee\/ru\/wp-json\/wp\/v2\/product_cat?post=38081"},{"taxonomy":"product_tag","embeddable":true,"href":"https:\/\/beautyinstitute.ee\/ru\/wp-json\/wp\/v2\/product_tag?post=38081"}],"curies":[{"name":"wp","href":"https:\/\/api.w.org\/{rel}","templated":true}]}}