{"id":38093,"date":"2026-04-09T09:05:42","date_gmt":"2026-04-09T06:05:42","guid":{"rendered":"https:\/\/beautyinstitute.ee\/?post_type=product&#038;p=38093"},"modified":"2026-04-27T11:46:31","modified_gmt":"2026-04-27T08:46:31","slug":"after-sun-repair-mask-ektoiin-aloe-vera-lehtmask","status":"publish","type":"product","link":"https:\/\/beautyinstitute.ee\/ru\/toode\/after-sun-repair-mask-ektoiin-aloe-vera-lehtmask\/","title":{"rendered":"After Sun Repair Mask &#8211; Ektoiin &#038; Aloe Vera (Lehtmask)"},"content":{"rendered":"<p data-start=\"136\" data-end=\"320\">Jahutav l\u00f5\u00f5gastus ja maksimaalne hooldus p\u00e4rast p\u00e4ikese k\u00e4es viibimist. Biolagunev SUN mask ektoiini ja aloe veraga rahustab p\u00e4ikesest stressis nahka ning pakub intensiivset niisutust.<\/p>\n<p data-start=\"322\" data-end=\"554\">Merekummel, taimsed antioks\u00fcdandid ja aloe vera aitavad v\u00e4hendada \u00e4rritust ning toetavad naha loomulikku taastumist. Ektoiin kaitseb nahka niiskuskao eest, s\u00e4ilitab elastsust ja aitab neutraliseerida UV-kiirguse kahjulikke m\u00f5jusid (rakukaitse)<\/p>\n<p data-start=\"556\" data-end=\"711\">Nahk tundub p\u00e4rast kasutamist v\u00e4rske, rahustatud ja s\u00fcgavalt hooldatud. Peened jooned on visuaalselt silutud ning naha \u00fcldine v\u00e4limus taastunud ja s\u00e4ravam.<\/p>\n<p data-start=\"556\" data-end=\"711\"><strong>Ideaalne taastav hooldus p\u00e4rast p\u00e4ikeselist p\u00e4eva<\/strong><\/p>\n","protected":false},"excerpt":{"rendered":"<p>Jahutav l\u00f5\u00f5gastus ja maksimaalne hooldus p\u00e4rast p\u00e4ikese k\u00e4es viibimist. Biolagunev SUN mask ektoiini ja aloe veraga rahustab p\u00e4ikesest stressis nahka ning pakub intensiivset niisutust. Merekummel, taimsed antioks\u00fcdandid ja aloe vera aitavad v\u00e4hendada \u00e4rritust ning toetavad naha loomulikku taastumist. Ektoiin kaitseb nahka niiskuskao eest, s\u00e4ilitab elastsust ja aitab neutraliseerida UV-kiirguse kahjulikke m\u00f5jusid (rakukaitse) Nahk tundub p\u00e4rast [&hellip;]<\/p>\n","protected":false},"featured_media":38291,"template":"","meta":{"_acf_changed":false},"product_cat":[284,279,248,252,186,123],"product_tag":[],"class_list":["post-38093","product","type-product","status-publish","has-post-thumbnail","hentry","product_cat-lehtmaskid","product_cat-summer-magic","product_cat-maskid-2","product_cat-uv-kaitse","product_cat-uued-tulijad","product_cat-sun"],"acf":[],"yoast_head":"<!-- This site is optimized with the Yoast SEO plugin v25.4 - https:\/\/yoast.com\/wordpress\/plugins\/seo\/ -->\n<title>After Sun Repair Mask - Ektoiin &amp; Aloe Vera (Lehtmask) - Beauty Institute<\/title>\n<meta name=\"robots\" content=\"index, follow, max-snippet:-1, max-image-preview:large, max-video-preview:-1\" \/>\n<link rel=\"canonical\" href=\"https:\/\/beautyinstitute.ee\/toode\/after-sun-repair-mask-ektoiin-aloe-vera-lehtmask\/\" \/>\n<meta property=\"og:locale\" content=\"ru_RU\" \/>\n<meta property=\"og:type\" content=\"article\" \/>\n<meta property=\"og:title\" content=\"After Sun Repair Mask - Ektoiin &amp; Aloe Vera (Lehtmask) - Beauty Institute\" \/>\n<meta property=\"og:description\" content=\"Jahutav l\u00f5\u00f5gastus ja maksimaalne hooldus p\u00e4rast p\u00e4ikese k\u00e4es viibimist. Biolagunev SUN mask ektoiini ja aloe veraga rahustab p\u00e4ikesest stressis nahka ning pakub intensiivset niisutust. Merekummel, taimsed antioks\u00fcdandid ja aloe vera aitavad v\u00e4hendada \u00e4rritust ning toetavad naha loomulikku taastumist. Ektoiin kaitseb nahka niiskuskao eest, s\u00e4ilitab elastsust ja aitab neutraliseerida UV-kiirguse kahjulikke m\u00f5jusid (rakukaitse) Nahk tundub p\u00e4rast [&hellip;]\" \/>\n<meta property=\"og:url\" content=\"https:\/\/beautyinstitute.ee\/toode\/after-sun-repair-mask-ektoiin-aloe-vera-lehtmask\/\" \/>\n<meta property=\"og:site_name\" content=\"Beauty Institute\" \/>\n<meta property=\"article:modified_time\" content=\"2026-04-27T08:46:31+00:00\" \/>\n<meta property=\"og:image\" content=\"https:\/\/beautyinstitute.ee\/wp-content\/uploads\/2026\/04\/after-sun-mask-display.jpg\" \/>\n\t<meta property=\"og:image:width\" content=\"1920\" \/>\n\t<meta property=\"og:image:height\" content=\"1920\" \/>\n\t<meta property=\"og:image:type\" content=\"image\/jpeg\" \/>\n<meta name=\"twitter:card\" content=\"summary_large_image\" \/>\n<meta name=\"twitter:site\" content=\"@Beauty_Eesti\" \/>\n<meta name=\"twitter:label1\" content=\"\u041f\u0440\u0438\u043c\u0435\u0440\u043d\u043e\u0435 \u0432\u0440\u0435\u043c\u044f \u0434\u043b\u044f \u0447\u0442\u0435\u043d\u0438\u044f\" \/>\n\t<meta name=\"twitter:data1\" content=\"1 \u043c\u0438\u043d\u0443\u0442\u0430\" \/>\n<script type=\"application\/ld+json\" class=\"yoast-schema-graph\">{\"@context\":\"https:\/\/schema.org\",\"@graph\":[{\"@type\":\"WebPage\",\"@id\":\"https:\/\/beautyinstitute.ee\/toode\/after-sun-repair-mask-ektoiin-aloe-vera-lehtmask\/\",\"url\":\"https:\/\/beautyinstitute.ee\/toode\/after-sun-repair-mask-ektoiin-aloe-vera-lehtmask\/\",\"name\":\"After Sun Repair Mask - Ektoiin & Aloe Vera (Lehtmask) - Beauty Institute\",\"isPartOf\":{\"@id\":\"https:\/\/beautyinstitute.ee\/#website\"},\"primaryImageOfPage\":{\"@id\":\"https:\/\/beautyinstitute.ee\/toode\/after-sun-repair-mask-ektoiin-aloe-vera-lehtmask\/#primaryimage\"},\"image\":{\"@id\":\"https:\/\/beautyinstitute.ee\/toode\/after-sun-repair-mask-ektoiin-aloe-vera-lehtmask\/#primaryimage\"},\"thumbnailUrl\":\"https:\/\/beautyinstitute.ee\/wp-content\/uploads\/2026\/04\/after-sun-mask-display.jpg\",\"datePublished\":\"2026-04-09T06:05:42+00:00\",\"dateModified\":\"2026-04-27T08:46:31+00:00\",\"breadcrumb\":{\"@id\":\"https:\/\/beautyinstitute.ee\/toode\/after-sun-repair-mask-ektoiin-aloe-vera-lehtmask\/#breadcrumb\"},\"inLanguage\":\"ru-RU\",\"potentialAction\":[{\"@type\":\"ReadAction\",\"target\":[\"https:\/\/beautyinstitute.ee\/toode\/after-sun-repair-mask-ektoiin-aloe-vera-lehtmask\/\"]}]},{\"@type\":\"ImageObject\",\"inLanguage\":\"ru-RU\",\"@id\":\"https:\/\/beautyinstitute.ee\/toode\/after-sun-repair-mask-ektoiin-aloe-vera-lehtmask\/#primaryimage\",\"url\":\"https:\/\/beautyinstitute.ee\/wp-content\/uploads\/2026\/04\/after-sun-mask-display.jpg\",\"contentUrl\":\"https:\/\/beautyinstitute.ee\/wp-content\/uploads\/2026\/04\/after-sun-mask-display.jpg\",\"width\":1920,\"height\":1920},{\"@type\":\"BreadcrumbList\",\"@id\":\"https:\/\/beautyinstitute.ee\/toode\/after-sun-repair-mask-ektoiin-aloe-vera-lehtmask\/#breadcrumb\",\"itemListElement\":[{\"@type\":\"ListItem\",\"position\":1,\"name\":\"Home\",\"item\":\"https:\/\/beautyinstitute.ee\/ru\/\"},{\"@type\":\"ListItem\",\"position\":2,\"name\":\"E-pood\",\"item\":\"https:\/\/beautyinstitute.ee\/e-pood\/\"},{\"@type\":\"ListItem\",\"position\":3,\"name\":\"After Sun Repair Mask &#8211; Ektoiin &#038; Aloe Vera (Lehtmask)\"}]},{\"@type\":\"WebSite\",\"@id\":\"https:\/\/beautyinstitute.ee\/#website\",\"url\":\"https:\/\/beautyinstitute.ee\/\",\"name\":\"Beauty Institute\",\"description\":\"CNC Cosmetic ametlik maaletooja ja edasim\u00fc\u00fcja Eestis, Soomes, L\u00e4tis. Aparaadikosmeetika, koolitused, kosmeetikatooted.\",\"potentialAction\":[{\"@type\":\"SearchAction\",\"target\":{\"@type\":\"EntryPoint\",\"urlTemplate\":\"https:\/\/beautyinstitute.ee\/?s={search_term_string}\"},\"query-input\":{\"@type\":\"PropertyValueSpecification\",\"valueRequired\":true,\"valueName\":\"search_term_string\"}}],\"inLanguage\":\"ru-RU\"}]}<\/script>\n<!-- \/ Yoast SEO plugin. -->","yoast_head_json":{"title":"After Sun Repair Mask - Ektoiin & Aloe Vera (Lehtmask) - Beauty Institute","robots":{"index":"index","follow":"follow","max-snippet":"max-snippet:-1","max-image-preview":"max-image-preview:large","max-video-preview":"max-video-preview:-1"},"canonical":"https:\/\/beautyinstitute.ee\/toode\/after-sun-repair-mask-ektoiin-aloe-vera-lehtmask\/","og_locale":"ru_RU","og_type":"article","og_title":"After Sun Repair Mask - Ektoiin & Aloe Vera (Lehtmask) - Beauty Institute","og_description":"Jahutav l\u00f5\u00f5gastus ja maksimaalne hooldus p\u00e4rast p\u00e4ikese k\u00e4es viibimist. Biolagunev SUN mask ektoiini ja aloe veraga rahustab p\u00e4ikesest stressis nahka ning pakub intensiivset niisutust. Merekummel, taimsed antioks\u00fcdandid ja aloe vera aitavad v\u00e4hendada \u00e4rritust ning toetavad naha loomulikku taastumist. Ektoiin kaitseb nahka niiskuskao eest, s\u00e4ilitab elastsust ja aitab neutraliseerida UV-kiirguse kahjulikke m\u00f5jusid (rakukaitse) Nahk tundub p\u00e4rast [&hellip;]","og_url":"https:\/\/beautyinstitute.ee\/toode\/after-sun-repair-mask-ektoiin-aloe-vera-lehtmask\/","og_site_name":"Beauty Institute","article_modified_time":"2026-04-27T08:46:31+00:00","og_image":[{"width":1920,"height":1920,"url":"https:\/\/beautyinstitute.ee\/wp-content\/uploads\/2026\/04\/after-sun-mask-display.jpg","type":"image\/jpeg"}],"twitter_card":"summary_large_image","twitter_site":"@Beauty_Eesti","twitter_misc":{"\u041f\u0440\u0438\u043c\u0435\u0440\u043d\u043e\u0435 \u0432\u0440\u0435\u043c\u044f \u0434\u043b\u044f \u0447\u0442\u0435\u043d\u0438\u044f":"1 \u043c\u0438\u043d\u0443\u0442\u0430"},"schema":{"@context":"https:\/\/schema.org","@graph":[{"@type":"WebPage","@id":"https:\/\/beautyinstitute.ee\/toode\/after-sun-repair-mask-ektoiin-aloe-vera-lehtmask\/","url":"https:\/\/beautyinstitute.ee\/toode\/after-sun-repair-mask-ektoiin-aloe-vera-lehtmask\/","name":"After Sun Repair Mask - Ektoiin & Aloe Vera (Lehtmask) - Beauty Institute","isPartOf":{"@id":"https:\/\/beautyinstitute.ee\/#website"},"primaryImageOfPage":{"@id":"https:\/\/beautyinstitute.ee\/toode\/after-sun-repair-mask-ektoiin-aloe-vera-lehtmask\/#primaryimage"},"image":{"@id":"https:\/\/beautyinstitute.ee\/toode\/after-sun-repair-mask-ektoiin-aloe-vera-lehtmask\/#primaryimage"},"thumbnailUrl":"https:\/\/beautyinstitute.ee\/wp-content\/uploads\/2026\/04\/after-sun-mask-display.jpg","datePublished":"2026-04-09T06:05:42+00:00","dateModified":"2026-04-27T08:46:31+00:00","breadcrumb":{"@id":"https:\/\/beautyinstitute.ee\/toode\/after-sun-repair-mask-ektoiin-aloe-vera-lehtmask\/#breadcrumb"},"inLanguage":"ru-RU","potentialAction":[{"@type":"ReadAction","target":["https:\/\/beautyinstitute.ee\/toode\/after-sun-repair-mask-ektoiin-aloe-vera-lehtmask\/"]}]},{"@type":"ImageObject","inLanguage":"ru-RU","@id":"https:\/\/beautyinstitute.ee\/toode\/after-sun-repair-mask-ektoiin-aloe-vera-lehtmask\/#primaryimage","url":"https:\/\/beautyinstitute.ee\/wp-content\/uploads\/2026\/04\/after-sun-mask-display.jpg","contentUrl":"https:\/\/beautyinstitute.ee\/wp-content\/uploads\/2026\/04\/after-sun-mask-display.jpg","width":1920,"height":1920},{"@type":"BreadcrumbList","@id":"https:\/\/beautyinstitute.ee\/toode\/after-sun-repair-mask-ektoiin-aloe-vera-lehtmask\/#breadcrumb","itemListElement":[{"@type":"ListItem","position":1,"name":"Home","item":"https:\/\/beautyinstitute.ee\/ru\/"},{"@type":"ListItem","position":2,"name":"E-pood","item":"https:\/\/beautyinstitute.ee\/e-pood\/"},{"@type":"ListItem","position":3,"name":"After Sun Repair Mask &#8211; Ektoiin &#038; Aloe Vera (Lehtmask)"}]},{"@type":"WebSite","@id":"https:\/\/beautyinstitute.ee\/#website","url":"https:\/\/beautyinstitute.ee\/","name":"Beauty Institute","description":"CNC Cosmetic ametlik maaletooja ja edasim\u00fc\u00fcja Eestis, Soomes, L\u00e4tis. Aparaadikosmeetika, koolitused, kosmeetikatooted.","potentialAction":[{"@type":"SearchAction","target":{"@type":"EntryPoint","urlTemplate":"https:\/\/beautyinstitute.ee\/?s={search_term_string}"},"query-input":{"@type":"PropertyValueSpecification","valueRequired":true,"valueName":"search_term_string"}}],"inLanguage":"ru-RU"}]}},"_links":{"self":[{"href":"https:\/\/beautyinstitute.ee\/ru\/wp-json\/wp\/v2\/product\/38093","targetHints":{"allow":["GET"]}}],"collection":[{"href":"https:\/\/beautyinstitute.ee\/ru\/wp-json\/wp\/v2\/product"}],"about":[{"href":"https:\/\/beautyinstitute.ee\/ru\/wp-json\/wp\/v2\/types\/product"}],"wp:featuredmedia":[{"embeddable":true,"href":"https:\/\/beautyinstitute.ee\/ru\/wp-json\/wp\/v2\/media\/38291"}],"wp:attachment":[{"href":"https:\/\/beautyinstitute.ee\/ru\/wp-json\/wp\/v2\/media?parent=38093"}],"wp:term":[{"taxonomy":"product_cat","embeddable":true,"href":"https:\/\/beautyinstitute.ee\/ru\/wp-json\/wp\/v2\/product_cat?post=38093"},{"taxonomy":"product_tag","embeddable":true,"href":"https:\/\/beautyinstitute.ee\/ru\/wp-json\/wp\/v2\/product_tag?post=38093"}],"curies":[{"name":"wp","href":"https:\/\/api.w.org\/{rel}","templated":true}]}}