{"id":4371,"date":"2019-08-19T12:44:30","date_gmt":"2019-08-19T09:44:30","guid":{"rendered":"https:\/\/beautyinstitute.ee\/?post_type=product&#038;p=4371"},"modified":"2026-04-27T10:49:54","modified_gmt":"2026-04-27T07:49:54","slug":"set-med-hyal-seerum-30mlkreem-50ml","status":"publish","type":"product","link":"https:\/\/beautyinstitute.ee\/ru\/toode\/set-med-hyal-seerum-30mlkreem-50ml\/","title":{"rendered":"Set Medhyal Seerum 30Ml Kreem 50Ml"},"content":{"rendered":"<p>Med Hyal kreem 50m<\/p>\n<p>24h kreem on eriti kerge tekstuuriga ja sobib h\u00e4sti kasutamiseks enne ja p\u00e4rast\u00a0plastilist operatsiooni v\u00f5i invasiivseid iluprotseduure. H\u00fcaluroonhappe ja s\u00fcsivesikute kompleksi kombinatsioon m\u00f5jub nahale naguniiskusemagnet,\u00a0varustades nahka intensiivse niiskusega pikkadeks tundideks.\u00a0Kreem on erakordselt hea sobivusega. Rahustavad aktiivained aitavad leevendada naha s\u00fcgelust ja kaitsevad \u00e4rritunud nahka. Taastavad naha\u00a0loomuliku tasakaalu. Ei sisalda parabeene, mineraal\u00f5lisid, v\u00e4rvaineid,\u00a0emulgaatoreid ega l\u00f5hnaaineid. Dermatoloogiliselt testitud.Toidab nahka \u00f6\u00f6p\u00e4evaringselt, rahustab tundlikku, \u00e4rritustele kalduvat nahka,\u00a0hoiab \u00e4ra naha ebamugavat kiskuvat tunnet, kaitseb nahka v\u00e4liste m\u00f5jude eest,<br \/>\nmuudab kuiva naha siledaks ja hoolitsetuks. Kasutamine: Kanna hommikuti ja \u00f5htuti puhastatud nahale \u00f5huke kiht MED Hyal kreemi.\u00a0Parima tulemuse saavutatakse kandke nahale eelnevalt MED HYAL seerum.<\/p>\n<p>Toimeained: <span class=\"jCAhz ChMk0b\"><span class=\"ryNqvb\">k\u00f5rge ja madala molekulmassiga h\u00fcaluroonhape, hyaktiv<\/span><\/span> <span class=\"jCAhz ChMk0b\"><span class=\"ryNqvb\">H\u00fcaluroonhape, tokoferool (e-vitamiin), Centella Asiatica (Aasia vesinaba), merikummel, \u00f5hupalliviinapuu<\/span><\/span> e<span class=\"jCAhz ChMk0b\"><span class=\"ryNqvb\">kstrakt, pantenool, alfa-bisabolool, aloe vera<\/span><\/span><\/p>\n<p>&nbsp;<\/p>\n<p>Med Hyal seerum 30ml<\/p>\n<p>Kolme erimolekulaarse h\u00fcaluroonhappe kombinatsioon on k\u00f5ige t\u00f5husam niisutuse ja naha taastamise allikas ning sobib eriti h\u00e4sti kasutamiseks enne ja p\u00e4rast plastilist operatsiooni v\u00f5i invasiivset iluprotseduuri.\u00a0See parandab epidermise niiskuse sidumise v\u00f5imet,s\u00e4ilitades niiskuse nahas ning muutes naha siledaks ja m\u00e4rgatavalt elastsemaks.\u00a0Ei sisalda parabeene, mineraal\u00f5lisid, v\u00e4rvaineid,emulgaatoreid ega ka l\u00f5hnaaineid. Dermatoloogiliselt testitud.\u00a0Niisutab nahka intensiivselt, parandab niiskuse sidumise v\u00f5imet epidermise\u00a0s\u00fcgavamates kihtides, rahustab \u00e4rritustele kalduvat nahka, parandab naha elastsust ja toonust. Kasutamine: kanna hommikuti ja \u00f5htuti puhastatud\u00a0nahale \u00f5huke kiht MED hyal seerumit. L\u00f5petuseks kanna nahale MED hyal kreem.<\/p>\n<p>Toimeained: <span class=\"jCAhz ChMk0b\"><span class=\"ryNqvb\">k\u00f5rge ja madala molekulmassiga h\u00fcaluroonhape, hyaktiv<\/span><\/span> <span class=\"jCAhz ChMk0b\"><span class=\"ryNqvb\">H\u00fcaluroonhape, tokoferool (e-vitamiin), Centella Asiatica (Aasia vesinaba), merikummel, \u00f5hupalliviinapuu<\/span><\/span> e<span class=\"jCAhz ChMk0b\"><span class=\"ryNqvb\">kstrakt, pantenool, alfa-bisabolool, aloe vera<\/span><\/span><\/p>\n","protected":false},"excerpt":{"rendered":"<p>Med Hyal kreem 50m 24h kreem on eriti kerge tekstuuriga ja sobib h\u00e4sti kasutamiseks enne ja p\u00e4rast\u00a0plastilist operatsiooni v\u00f5i invasiivseid iluprotseduure. H\u00fcaluroonhappe ja s\u00fcsivesikute kompleksi kombinatsioon m\u00f5jub nahale naguniiskusemagnet,\u00a0varustades nahka intensiivse niiskusega pikkadeks tundideks.\u00a0Kreem on erakordselt hea sobivusega. Rahustavad aktiivained aitavad leevendada naha s\u00fcgelust ja kaitsevad \u00e4rritunud nahka. Taastavad naha\u00a0loomuliku tasakaalu. Ei sisalda parabeene, mineraal\u00f5lisid, [&hellip;]<\/p>\n","protected":false},"featured_media":4372,"template":"","meta":{"_acf_changed":false},"product_cat":[289,250,249],"product_tag":[],"class_list":["post-4371","product","type-product","status-publish","has-post-thumbnail","hentry","product_cat-medhyal-profi","product_cat-naokreemid","product_cat-seerumid-2"],"acf":[],"yoast_head":"<!-- This site is optimized with the Yoast SEO plugin v25.4 - https:\/\/yoast.com\/wordpress\/plugins\/seo\/ -->\n<title>Set Medhyal Seerum 30Ml Kreem 50Ml - Beauty Institute<\/title>\n<meta name=\"robots\" content=\"index, follow, max-snippet:-1, max-image-preview:large, max-video-preview:-1\" \/>\n<link rel=\"canonical\" href=\"https:\/\/beautyinstitute.ee\/toode\/set-med-hyal-seerum-30mlkreem-50ml\/\" \/>\n<meta property=\"og:locale\" content=\"ru_RU\" \/>\n<meta property=\"og:type\" content=\"article\" \/>\n<meta property=\"og:title\" content=\"Set Medhyal Seerum 30Ml Kreem 50Ml - Beauty Institute\" \/>\n<meta property=\"og:description\" content=\"Med Hyal kreem 50m 24h kreem on eriti kerge tekstuuriga ja sobib h\u00e4sti kasutamiseks enne ja p\u00e4rast\u00a0plastilist operatsiooni v\u00f5i invasiivseid iluprotseduure. H\u00fcaluroonhappe ja s\u00fcsivesikute kompleksi kombinatsioon m\u00f5jub nahale naguniiskusemagnet,\u00a0varustades nahka intensiivse niiskusega pikkadeks tundideks.\u00a0Kreem on erakordselt hea sobivusega. Rahustavad aktiivained aitavad leevendada naha s\u00fcgelust ja kaitsevad \u00e4rritunud nahka. Taastavad naha\u00a0loomuliku tasakaalu. Ei sisalda parabeene, mineraal\u00f5lisid, [&hellip;]\" \/>\n<meta property=\"og:url\" content=\"https:\/\/beautyinstitute.ee\/toode\/set-med-hyal-seerum-30mlkreem-50ml\/\" \/>\n<meta property=\"og:site_name\" content=\"Beauty Institute\" \/>\n<meta property=\"article:modified_time\" content=\"2026-04-27T07:49:54+00:00\" \/>\n<meta property=\"og:image\" content=\"https:\/\/beautyinstitute.ee\/wp-content\/uploads\/2019\/08\/cnc-2019-MED-Hyal-set.jpg\" \/>\n\t<meta property=\"og:image:width\" content=\"5740\" \/>\n\t<meta property=\"og:image:height\" content=\"7087\" \/>\n\t<meta property=\"og:image:type\" content=\"image\/jpeg\" \/>\n<meta name=\"twitter:card\" content=\"summary_large_image\" \/>\n<meta name=\"twitter:site\" content=\"@Beauty_Eesti\" \/>\n<meta name=\"twitter:label1\" content=\"\u041f\u0440\u0438\u043c\u0435\u0440\u043d\u043e\u0435 \u0432\u0440\u0435\u043c\u044f \u0434\u043b\u044f \u0447\u0442\u0435\u043d\u0438\u044f\" \/>\n\t<meta name=\"twitter:data1\" content=\"2 \u043c\u0438\u043d\u0443\u0442\u044b\" \/>\n<script type=\"application\/ld+json\" class=\"yoast-schema-graph\">{\"@context\":\"https:\/\/schema.org\",\"@graph\":[{\"@type\":\"WebPage\",\"@id\":\"https:\/\/beautyinstitute.ee\/toode\/set-med-hyal-seerum-30mlkreem-50ml\/\",\"url\":\"https:\/\/beautyinstitute.ee\/toode\/set-med-hyal-seerum-30mlkreem-50ml\/\",\"name\":\"Set Medhyal Seerum 30Ml Kreem 50Ml - Beauty Institute\",\"isPartOf\":{\"@id\":\"https:\/\/beautyinstitute.ee\/#website\"},\"primaryImageOfPage\":{\"@id\":\"https:\/\/beautyinstitute.ee\/toode\/set-med-hyal-seerum-30mlkreem-50ml\/#primaryimage\"},\"image\":{\"@id\":\"https:\/\/beautyinstitute.ee\/toode\/set-med-hyal-seerum-30mlkreem-50ml\/#primaryimage\"},\"thumbnailUrl\":\"https:\/\/beautyinstitute.ee\/wp-content\/uploads\/2019\/08\/cnc-2019-MED-Hyal-set.jpg\",\"datePublished\":\"2019-08-19T09:44:30+00:00\",\"dateModified\":\"2026-04-27T07:49:54+00:00\",\"breadcrumb\":{\"@id\":\"https:\/\/beautyinstitute.ee\/toode\/set-med-hyal-seerum-30mlkreem-50ml\/#breadcrumb\"},\"inLanguage\":\"ru-RU\",\"potentialAction\":[{\"@type\":\"ReadAction\",\"target\":[\"https:\/\/beautyinstitute.ee\/toode\/set-med-hyal-seerum-30mlkreem-50ml\/\"]}]},{\"@type\":\"ImageObject\",\"inLanguage\":\"ru-RU\",\"@id\":\"https:\/\/beautyinstitute.ee\/toode\/set-med-hyal-seerum-30mlkreem-50ml\/#primaryimage\",\"url\":\"https:\/\/beautyinstitute.ee\/wp-content\/uploads\/2019\/08\/cnc-2019-MED-Hyal-set.jpg\",\"contentUrl\":\"https:\/\/beautyinstitute.ee\/wp-content\/uploads\/2019\/08\/cnc-2019-MED-Hyal-set.jpg\",\"width\":5740,\"height\":7087},{\"@type\":\"BreadcrumbList\",\"@id\":\"https:\/\/beautyinstitute.ee\/toode\/set-med-hyal-seerum-30mlkreem-50ml\/#breadcrumb\",\"itemListElement\":[{\"@type\":\"ListItem\",\"position\":1,\"name\":\"Home\",\"item\":\"https:\/\/beautyinstitute.ee\/ru\/\"},{\"@type\":\"ListItem\",\"position\":2,\"name\":\"E-pood\",\"item\":\"https:\/\/beautyinstitute.ee\/e-pood\/\"},{\"@type\":\"ListItem\",\"position\":3,\"name\":\"Set Medhyal Seerum 30Ml Kreem 50Ml\"}]},{\"@type\":\"WebSite\",\"@id\":\"https:\/\/beautyinstitute.ee\/#website\",\"url\":\"https:\/\/beautyinstitute.ee\/\",\"name\":\"Beauty Institute\",\"description\":\"CNC Cosmetic ametlik maaletooja ja edasim\u00fc\u00fcja Eestis, Soomes, L\u00e4tis. Aparaadikosmeetika, koolitused, kosmeetikatooted.\",\"potentialAction\":[{\"@type\":\"SearchAction\",\"target\":{\"@type\":\"EntryPoint\",\"urlTemplate\":\"https:\/\/beautyinstitute.ee\/?s={search_term_string}\"},\"query-input\":{\"@type\":\"PropertyValueSpecification\",\"valueRequired\":true,\"valueName\":\"search_term_string\"}}],\"inLanguage\":\"ru-RU\"}]}<\/script>\n<!-- \/ Yoast SEO plugin. -->","yoast_head_json":{"title":"Set Medhyal Seerum 30Ml Kreem 50Ml - Beauty Institute","robots":{"index":"index","follow":"follow","max-snippet":"max-snippet:-1","max-image-preview":"max-image-preview:large","max-video-preview":"max-video-preview:-1"},"canonical":"https:\/\/beautyinstitute.ee\/toode\/set-med-hyal-seerum-30mlkreem-50ml\/","og_locale":"ru_RU","og_type":"article","og_title":"Set Medhyal Seerum 30Ml Kreem 50Ml - Beauty Institute","og_description":"Med Hyal kreem 50m 24h kreem on eriti kerge tekstuuriga ja sobib h\u00e4sti kasutamiseks enne ja p\u00e4rast\u00a0plastilist operatsiooni v\u00f5i invasiivseid iluprotseduure. H\u00fcaluroonhappe ja s\u00fcsivesikute kompleksi kombinatsioon m\u00f5jub nahale naguniiskusemagnet,\u00a0varustades nahka intensiivse niiskusega pikkadeks tundideks.\u00a0Kreem on erakordselt hea sobivusega. Rahustavad aktiivained aitavad leevendada naha s\u00fcgelust ja kaitsevad \u00e4rritunud nahka. Taastavad naha\u00a0loomuliku tasakaalu. Ei sisalda parabeene, mineraal\u00f5lisid, [&hellip;]","og_url":"https:\/\/beautyinstitute.ee\/toode\/set-med-hyal-seerum-30mlkreem-50ml\/","og_site_name":"Beauty Institute","article_modified_time":"2026-04-27T07:49:54+00:00","og_image":[{"width":5740,"height":7087,"url":"https:\/\/beautyinstitute.ee\/wp-content\/uploads\/2019\/08\/cnc-2019-MED-Hyal-set.jpg","type":"image\/jpeg"}],"twitter_card":"summary_large_image","twitter_site":"@Beauty_Eesti","twitter_misc":{"\u041f\u0440\u0438\u043c\u0435\u0440\u043d\u043e\u0435 \u0432\u0440\u0435\u043c\u044f \u0434\u043b\u044f \u0447\u0442\u0435\u043d\u0438\u044f":"2 \u043c\u0438\u043d\u0443\u0442\u044b"},"schema":{"@context":"https:\/\/schema.org","@graph":[{"@type":"WebPage","@id":"https:\/\/beautyinstitute.ee\/toode\/set-med-hyal-seerum-30mlkreem-50ml\/","url":"https:\/\/beautyinstitute.ee\/toode\/set-med-hyal-seerum-30mlkreem-50ml\/","name":"Set Medhyal Seerum 30Ml Kreem 50Ml - Beauty Institute","isPartOf":{"@id":"https:\/\/beautyinstitute.ee\/#website"},"primaryImageOfPage":{"@id":"https:\/\/beautyinstitute.ee\/toode\/set-med-hyal-seerum-30mlkreem-50ml\/#primaryimage"},"image":{"@id":"https:\/\/beautyinstitute.ee\/toode\/set-med-hyal-seerum-30mlkreem-50ml\/#primaryimage"},"thumbnailUrl":"https:\/\/beautyinstitute.ee\/wp-content\/uploads\/2019\/08\/cnc-2019-MED-Hyal-set.jpg","datePublished":"2019-08-19T09:44:30+00:00","dateModified":"2026-04-27T07:49:54+00:00","breadcrumb":{"@id":"https:\/\/beautyinstitute.ee\/toode\/set-med-hyal-seerum-30mlkreem-50ml\/#breadcrumb"},"inLanguage":"ru-RU","potentialAction":[{"@type":"ReadAction","target":["https:\/\/beautyinstitute.ee\/toode\/set-med-hyal-seerum-30mlkreem-50ml\/"]}]},{"@type":"ImageObject","inLanguage":"ru-RU","@id":"https:\/\/beautyinstitute.ee\/toode\/set-med-hyal-seerum-30mlkreem-50ml\/#primaryimage","url":"https:\/\/beautyinstitute.ee\/wp-content\/uploads\/2019\/08\/cnc-2019-MED-Hyal-set.jpg","contentUrl":"https:\/\/beautyinstitute.ee\/wp-content\/uploads\/2019\/08\/cnc-2019-MED-Hyal-set.jpg","width":5740,"height":7087},{"@type":"BreadcrumbList","@id":"https:\/\/beautyinstitute.ee\/toode\/set-med-hyal-seerum-30mlkreem-50ml\/#breadcrumb","itemListElement":[{"@type":"ListItem","position":1,"name":"Home","item":"https:\/\/beautyinstitute.ee\/ru\/"},{"@type":"ListItem","position":2,"name":"E-pood","item":"https:\/\/beautyinstitute.ee\/e-pood\/"},{"@type":"ListItem","position":3,"name":"Set Medhyal Seerum 30Ml Kreem 50Ml"}]},{"@type":"WebSite","@id":"https:\/\/beautyinstitute.ee\/#website","url":"https:\/\/beautyinstitute.ee\/","name":"Beauty Institute","description":"CNC Cosmetic ametlik maaletooja ja edasim\u00fc\u00fcja Eestis, Soomes, L\u00e4tis. Aparaadikosmeetika, koolitused, kosmeetikatooted.","potentialAction":[{"@type":"SearchAction","target":{"@type":"EntryPoint","urlTemplate":"https:\/\/beautyinstitute.ee\/?s={search_term_string}"},"query-input":{"@type":"PropertyValueSpecification","valueRequired":true,"valueName":"search_term_string"}}],"inLanguage":"ru-RU"}]}},"_links":{"self":[{"href":"https:\/\/beautyinstitute.ee\/ru\/wp-json\/wp\/v2\/product\/4371","targetHints":{"allow":["GET"]}}],"collection":[{"href":"https:\/\/beautyinstitute.ee\/ru\/wp-json\/wp\/v2\/product"}],"about":[{"href":"https:\/\/beautyinstitute.ee\/ru\/wp-json\/wp\/v2\/types\/product"}],"wp:featuredmedia":[{"embeddable":true,"href":"https:\/\/beautyinstitute.ee\/ru\/wp-json\/wp\/v2\/media\/4372"}],"wp:attachment":[{"href":"https:\/\/beautyinstitute.ee\/ru\/wp-json\/wp\/v2\/media?parent=4371"}],"wp:term":[{"taxonomy":"product_cat","embeddable":true,"href":"https:\/\/beautyinstitute.ee\/ru\/wp-json\/wp\/v2\/product_cat?post=4371"},{"taxonomy":"product_tag","embeddable":true,"href":"https:\/\/beautyinstitute.ee\/ru\/wp-json\/wp\/v2\/product_tag?post=4371"}],"curies":[{"name":"wp","href":"https:\/\/api.w.org\/{rel}","templated":true}]}}