{"id":4412,"date":"2019-08-23T11:02:21","date_gmt":"2019-08-23T08:02:21","guid":{"rendered":"https:\/\/beautyinstitute.ee\/?post_type=product&#038;p=4412"},"modified":"2026-03-13T09:01:46","modified_gmt":"2026-03-13T07:01:46","slug":"medical-skin-spray-75ml","status":"publish","type":"product","link":"https:\/\/beautyinstitute.ee\/ru\/toode\/medical-skin-spray-75ml\/","title":{"rendered":"Medical Skin Spray 75Ml"},"content":{"rendered":"<p>Spreid on lihtne ja kiire kasutada, t\u00f6\u00f6tab nahal kui kaitsev h\u00fcdrogeel. Niisutab nahka ja moodustab nahale kerge kaitsekile.<br \/>\nSobib kasutamiseks naha\u00e4rrituste, haavade, ebapuhta naha ja k\u00f5igi teiste p\u00f5letikuliste ja mikroobide p\u00f5hjustatud probleemide korral. Toode ei \u00e4rrita nahka ja on valutu. Kasutuse kestvus ei ole piiratud. Toodet kasutatakse naha puhastamiseks, niisutamiseks, pikaajaliseks niisutuseks, sprei loob ideaalse keskkonna haavade paranemiseks, toetades seel\u00e4bi naturaalset paranemisprotsessi. Tootes sisalduv sodium hypochlorite &lt;0,08% (elektrokeemiliselt aktiveeritud mineraalsoola lahus), on v\u00e4ga laia spektriga bakterite, viiruste, toksiinide ja seente h\u00e4vitaja, v\u00f5imaldades intensiivset ja t\u00f5husat puhastust.<\/p>\n<p><strong>Eelised:<\/strong><\/p>\n<ul>\n<li>ei \u00e4rrita nahka<\/li>\n<li>kasutatakse laialdaselt ja lokaalselt<\/li>\n<li>moodustab kaitsekile ja soodustab taastumist<\/li>\n<\/ul>\n<p><strong>Sobilik:<\/strong> mikroobide p\u00f5hjustatud nahaprobleemid.<\/p>\n<p><strong>Toimeaine:<\/strong> sodium hypochlorite &lt;0,08% (elektrokeemiliselt aktiveeritud mineraalsoola lahus).<\/p>\n<p><strong>Kasutamine:<\/strong> enne kasutamist raputage pudelit! Enne kasutamist on soovitatav kasutada Medical Skin Cleanserit, mis on sobilik naha intensiivseks puhastamiseks. Piserdage spreid l\u00fchikeste intervallidega mitu korda, kuni nahk on t\u00e4ielikult niisutatud. Kerge kloori l\u00f5hn on m\u00e4rk toote t\u00f5hususest ja aktiivsusest. L\u00f5hn haihtub kiiresti. Puuduvad k\u00f5rvaltoimed ja allergilised reaktsioonid.Koostoimet teiste toimeainetega ei esine. Kasutamist raseduse ja imetamise ajal tuleb hoolikalt kaaluda.<br \/>\n\u00c4rge kasutage Plasma spreid veritsevatele haavadele.<\/p>\n<p><strong>Ohutusjuhend:<\/strong> ainult v\u00e4lispidiseks kasutamiseks. V\u00e4ltige silma sattumist.<br \/>\nHoida laste eest kaitstult. Kasutada vaid kahjustamata toote pudeleid. Tooteid v\u00f5ib kasutada vaid etteantud s\u00e4ilivust\u00e4htajal ja peale avamist, kuid mitte kauem kui 3 kuud.<\/p>\n<p>NB! Sobilik kasutada koos CNC Cold Plasma aparaadiga.<\/p>\n","protected":false},"excerpt":{"rendered":"<p>Spreid on lihtne ja kiire kasutada, t\u00f6\u00f6tab nahal kui kaitsev h\u00fcdrogeel. Niisutab nahka ja moodustab nahale kerge kaitsekile. Sobib kasutamiseks naha\u00e4rrituste, haavade, ebapuhta naha ja k\u00f5igi teiste p\u00f5letikuliste ja mikroobide p\u00f5hjustatud probleemide korral. Toode ei \u00e4rrita nahka ja on valutu. Kasutuse kestvus ei ole piiratud. Toodet kasutatakse naha puhastamiseks, niisutamiseks, pikaajaliseks niisutuseks, sprei loob ideaalse [&hellip;]<\/p>\n","protected":false},"featured_media":11434,"template":"","meta":{"_acf_changed":false},"product_cat":[246,136],"product_tag":[],"class_list":["post-4412","product","type-product","status-publish","has-post-thumbnail","hentry","product_cat-toonikud","product_cat-coldplasma"],"acf":[],"yoast_head":"<!-- This site is optimized with the Yoast SEO plugin v25.4 - https:\/\/yoast.com\/wordpress\/plugins\/seo\/ -->\n<title>Medical Skin Spray 75Ml - Beauty Institute<\/title>\n<meta name=\"robots\" content=\"index, follow, max-snippet:-1, max-image-preview:large, max-video-preview:-1\" \/>\n<link rel=\"canonical\" href=\"https:\/\/beautyinstitute.ee\/toode\/medical-skin-spray-75ml\/\" \/>\n<meta property=\"og:locale\" content=\"ru_RU\" \/>\n<meta property=\"og:type\" content=\"article\" \/>\n<meta property=\"og:title\" content=\"Medical Skin Spray 75Ml - Beauty Institute\" \/>\n<meta property=\"og:description\" content=\"Spreid on lihtne ja kiire kasutada, t\u00f6\u00f6tab nahal kui kaitsev h\u00fcdrogeel. Niisutab nahka ja moodustab nahale kerge kaitsekile. Sobib kasutamiseks naha\u00e4rrituste, haavade, ebapuhta naha ja k\u00f5igi teiste p\u00f5letikuliste ja mikroobide p\u00f5hjustatud probleemide korral. Toode ei \u00e4rrita nahka ja on valutu. Kasutuse kestvus ei ole piiratud. Toodet kasutatakse naha puhastamiseks, niisutamiseks, pikaajaliseks niisutuseks, sprei loob ideaalse [&hellip;]\" \/>\n<meta property=\"og:url\" content=\"https:\/\/beautyinstitute.ee\/toode\/medical-skin-spray-75ml\/\" \/>\n<meta property=\"og:site_name\" content=\"Beauty Institute\" \/>\n<meta property=\"article:modified_time\" content=\"2026-03-13T07:01:46+00:00\" \/>\n<meta property=\"og:image\" content=\"https:\/\/beautyinstitute.ee\/wp-content\/uploads\/2019\/08\/pl-spray.jpg\" \/>\n\t<meta property=\"og:image:width\" content=\"2480\" \/>\n\t<meta property=\"og:image:height\" content=\"2369\" \/>\n\t<meta property=\"og:image:type\" content=\"image\/jpeg\" \/>\n<meta name=\"twitter:card\" content=\"summary_large_image\" \/>\n<meta name=\"twitter:site\" content=\"@Beauty_Eesti\" \/>\n<meta name=\"twitter:label1\" content=\"\u041f\u0440\u0438\u043c\u0435\u0440\u043d\u043e\u0435 \u0432\u0440\u0435\u043c\u044f \u0434\u043b\u044f \u0447\u0442\u0435\u043d\u0438\u044f\" \/>\n\t<meta name=\"twitter:data1\" content=\"1 \u043c\u0438\u043d\u0443\u0442\u0430\" \/>\n<script type=\"application\/ld+json\" class=\"yoast-schema-graph\">{\"@context\":\"https:\/\/schema.org\",\"@graph\":[{\"@type\":\"WebPage\",\"@id\":\"https:\/\/beautyinstitute.ee\/toode\/medical-skin-spray-75ml\/\",\"url\":\"https:\/\/beautyinstitute.ee\/toode\/medical-skin-spray-75ml\/\",\"name\":\"Medical Skin Spray 75Ml - Beauty Institute\",\"isPartOf\":{\"@id\":\"https:\/\/beautyinstitute.ee\/#website\"},\"primaryImageOfPage\":{\"@id\":\"https:\/\/beautyinstitute.ee\/toode\/medical-skin-spray-75ml\/#primaryimage\"},\"image\":{\"@id\":\"https:\/\/beautyinstitute.ee\/toode\/medical-skin-spray-75ml\/#primaryimage\"},\"thumbnailUrl\":\"https:\/\/beautyinstitute.ee\/wp-content\/uploads\/2019\/08\/pl-spray.jpg\",\"datePublished\":\"2019-08-23T08:02:21+00:00\",\"dateModified\":\"2026-03-13T07:01:46+00:00\",\"breadcrumb\":{\"@id\":\"https:\/\/beautyinstitute.ee\/toode\/medical-skin-spray-75ml\/#breadcrumb\"},\"inLanguage\":\"ru-RU\",\"potentialAction\":[{\"@type\":\"ReadAction\",\"target\":[\"https:\/\/beautyinstitute.ee\/toode\/medical-skin-spray-75ml\/\"]}]},{\"@type\":\"ImageObject\",\"inLanguage\":\"ru-RU\",\"@id\":\"https:\/\/beautyinstitute.ee\/toode\/medical-skin-spray-75ml\/#primaryimage\",\"url\":\"https:\/\/beautyinstitute.ee\/wp-content\/uploads\/2019\/08\/pl-spray.jpg\",\"contentUrl\":\"https:\/\/beautyinstitute.ee\/wp-content\/uploads\/2019\/08\/pl-spray.jpg\",\"width\":2480,\"height\":2369},{\"@type\":\"BreadcrumbList\",\"@id\":\"https:\/\/beautyinstitute.ee\/toode\/medical-skin-spray-75ml\/#breadcrumb\",\"itemListElement\":[{\"@type\":\"ListItem\",\"position\":1,\"name\":\"Home\",\"item\":\"https:\/\/beautyinstitute.ee\/ru\/\"},{\"@type\":\"ListItem\",\"position\":2,\"name\":\"E-pood\",\"item\":\"https:\/\/beautyinstitute.ee\/e-pood\/\"},{\"@type\":\"ListItem\",\"position\":3,\"name\":\"Medical Skin Spray 75Ml\"}]},{\"@type\":\"WebSite\",\"@id\":\"https:\/\/beautyinstitute.ee\/#website\",\"url\":\"https:\/\/beautyinstitute.ee\/\",\"name\":\"Beauty Institute\",\"description\":\"CNC Cosmetic ametlik maaletooja ja edasim\u00fc\u00fcja Eestis, Soomes, L\u00e4tis. Aparaadikosmeetika, koolitused, kosmeetikatooted.\",\"potentialAction\":[{\"@type\":\"SearchAction\",\"target\":{\"@type\":\"EntryPoint\",\"urlTemplate\":\"https:\/\/beautyinstitute.ee\/?s={search_term_string}\"},\"query-input\":{\"@type\":\"PropertyValueSpecification\",\"valueRequired\":true,\"valueName\":\"search_term_string\"}}],\"inLanguage\":\"ru-RU\"}]}<\/script>\n<!-- \/ Yoast SEO plugin. -->","yoast_head_json":{"title":"Medical Skin Spray 75Ml - Beauty Institute","robots":{"index":"index","follow":"follow","max-snippet":"max-snippet:-1","max-image-preview":"max-image-preview:large","max-video-preview":"max-video-preview:-1"},"canonical":"https:\/\/beautyinstitute.ee\/toode\/medical-skin-spray-75ml\/","og_locale":"ru_RU","og_type":"article","og_title":"Medical Skin Spray 75Ml - Beauty Institute","og_description":"Spreid on lihtne ja kiire kasutada, t\u00f6\u00f6tab nahal kui kaitsev h\u00fcdrogeel. Niisutab nahka ja moodustab nahale kerge kaitsekile. Sobib kasutamiseks naha\u00e4rrituste, haavade, ebapuhta naha ja k\u00f5igi teiste p\u00f5letikuliste ja mikroobide p\u00f5hjustatud probleemide korral. Toode ei \u00e4rrita nahka ja on valutu. Kasutuse kestvus ei ole piiratud. Toodet kasutatakse naha puhastamiseks, niisutamiseks, pikaajaliseks niisutuseks, sprei loob ideaalse [&hellip;]","og_url":"https:\/\/beautyinstitute.ee\/toode\/medical-skin-spray-75ml\/","og_site_name":"Beauty Institute","article_modified_time":"2026-03-13T07:01:46+00:00","og_image":[{"width":2480,"height":2369,"url":"https:\/\/beautyinstitute.ee\/wp-content\/uploads\/2019\/08\/pl-spray.jpg","type":"image\/jpeg"}],"twitter_card":"summary_large_image","twitter_site":"@Beauty_Eesti","twitter_misc":{"\u041f\u0440\u0438\u043c\u0435\u0440\u043d\u043e\u0435 \u0432\u0440\u0435\u043c\u044f \u0434\u043b\u044f \u0447\u0442\u0435\u043d\u0438\u044f":"1 \u043c\u0438\u043d\u0443\u0442\u0430"},"schema":{"@context":"https:\/\/schema.org","@graph":[{"@type":"WebPage","@id":"https:\/\/beautyinstitute.ee\/toode\/medical-skin-spray-75ml\/","url":"https:\/\/beautyinstitute.ee\/toode\/medical-skin-spray-75ml\/","name":"Medical Skin Spray 75Ml - Beauty Institute","isPartOf":{"@id":"https:\/\/beautyinstitute.ee\/#website"},"primaryImageOfPage":{"@id":"https:\/\/beautyinstitute.ee\/toode\/medical-skin-spray-75ml\/#primaryimage"},"image":{"@id":"https:\/\/beautyinstitute.ee\/toode\/medical-skin-spray-75ml\/#primaryimage"},"thumbnailUrl":"https:\/\/beautyinstitute.ee\/wp-content\/uploads\/2019\/08\/pl-spray.jpg","datePublished":"2019-08-23T08:02:21+00:00","dateModified":"2026-03-13T07:01:46+00:00","breadcrumb":{"@id":"https:\/\/beautyinstitute.ee\/toode\/medical-skin-spray-75ml\/#breadcrumb"},"inLanguage":"ru-RU","potentialAction":[{"@type":"ReadAction","target":["https:\/\/beautyinstitute.ee\/toode\/medical-skin-spray-75ml\/"]}]},{"@type":"ImageObject","inLanguage":"ru-RU","@id":"https:\/\/beautyinstitute.ee\/toode\/medical-skin-spray-75ml\/#primaryimage","url":"https:\/\/beautyinstitute.ee\/wp-content\/uploads\/2019\/08\/pl-spray.jpg","contentUrl":"https:\/\/beautyinstitute.ee\/wp-content\/uploads\/2019\/08\/pl-spray.jpg","width":2480,"height":2369},{"@type":"BreadcrumbList","@id":"https:\/\/beautyinstitute.ee\/toode\/medical-skin-spray-75ml\/#breadcrumb","itemListElement":[{"@type":"ListItem","position":1,"name":"Home","item":"https:\/\/beautyinstitute.ee\/ru\/"},{"@type":"ListItem","position":2,"name":"E-pood","item":"https:\/\/beautyinstitute.ee\/e-pood\/"},{"@type":"ListItem","position":3,"name":"Medical Skin Spray 75Ml"}]},{"@type":"WebSite","@id":"https:\/\/beautyinstitute.ee\/#website","url":"https:\/\/beautyinstitute.ee\/","name":"Beauty Institute","description":"CNC Cosmetic ametlik maaletooja ja edasim\u00fc\u00fcja Eestis, Soomes, L\u00e4tis. Aparaadikosmeetika, koolitused, kosmeetikatooted.","potentialAction":[{"@type":"SearchAction","target":{"@type":"EntryPoint","urlTemplate":"https:\/\/beautyinstitute.ee\/?s={search_term_string}"},"query-input":{"@type":"PropertyValueSpecification","valueRequired":true,"valueName":"search_term_string"}}],"inLanguage":"ru-RU"}]}},"_links":{"self":[{"href":"https:\/\/beautyinstitute.ee\/ru\/wp-json\/wp\/v2\/product\/4412","targetHints":{"allow":["GET"]}}],"collection":[{"href":"https:\/\/beautyinstitute.ee\/ru\/wp-json\/wp\/v2\/product"}],"about":[{"href":"https:\/\/beautyinstitute.ee\/ru\/wp-json\/wp\/v2\/types\/product"}],"wp:featuredmedia":[{"embeddable":true,"href":"https:\/\/beautyinstitute.ee\/ru\/wp-json\/wp\/v2\/media\/11434"}],"wp:attachment":[{"href":"https:\/\/beautyinstitute.ee\/ru\/wp-json\/wp\/v2\/media?parent=4412"}],"wp:term":[{"taxonomy":"product_cat","embeddable":true,"href":"https:\/\/beautyinstitute.ee\/ru\/wp-json\/wp\/v2\/product_cat?post=4412"},{"taxonomy":"product_tag","embeddable":true,"href":"https:\/\/beautyinstitute.ee\/ru\/wp-json\/wp\/v2\/product_tag?post=4412"}],"curies":[{"name":"wp","href":"https:\/\/api.w.org\/{rel}","templated":true}]}}