{"id":8788,"date":"2019-11-04T20:15:06","date_gmt":"2019-11-04T18:15:06","guid":{"rendered":"https:\/\/beautyinstitute.ee\/?post_type=product&#038;p=8788"},"modified":"2026-04-15T13:28:15","modified_gmt":"2026-04-15T10:28:15","slug":"menrelax24h-creme15ml","status":"publish","type":"product","link":"https:\/\/beautyinstitute.ee\/ru\/toode\/menrelax24h-creme15ml\/","title":{"rendered":"Men Relax 24H Creme 15Ml"},"content":{"rendered":"<p>15 ml,<span class=\"Apple-converted-space\">\u00a0 <\/span>koos kauni organza kotikesega<\/p>\n<p>Kahefunktsionaalne kerge geeljas kreem, mis on m\u00f5eldud kasutamiseks n\u00e4ohoolduseks ja p\u00e4rast habemeajamist. Tagab nahale intensiivse niisutuse, elustab ja j\u00e4tab naha v\u00e4rskeks, siledaks ning klaariks. Vitamiinid kaitsevad vabade radikaalide ja kahjulike keskkonna m\u00f5jude eest. Viskiekstrakt muudab v\u00e4sinud ja jumetu naha taas v\u00e4rskeks ja elavaks.<\/p>\n<p>&nbsp;<\/p>\n","protected":false},"excerpt":{"rendered":"<p>15 ml,\u00a0 koos kauni organza kotikesega Kahefunktsionaalne kerge geeljas kreem, mis on m\u00f5eldud kasutamiseks n\u00e4ohoolduseks ja p\u00e4rast habemeajamist. Tagab nahale intensiivse niisutuse, elustab ja j\u00e4tab naha v\u00e4rskeks, siledaks ning klaariks. Vitamiinid kaitsevad vabade radikaalide ja kahjulike keskkonna m\u00f5jude eest. Viskiekstrakt muudab v\u00e4sinud ja jumetu naha taas v\u00e4rskeks ja elavaks. &nbsp;<\/p>\n","protected":false},"featured_media":2365,"template":"","meta":{"_acf_changed":false},"product_cat":[250,132],"product_tag":[],"class_list":["post-8788","product","type-product","status-publish","has-post-thumbnail","hentry","product_cat-naokreemid","product_cat-men-relax"],"acf":[],"yoast_head":"<!-- This site is optimized with the Yoast SEO plugin v25.4 - https:\/\/yoast.com\/wordpress\/plugins\/seo\/ -->\n<title>Men Relax 24H Creme 15Ml - Beauty Institute<\/title>\n<meta name=\"robots\" content=\"index, follow, max-snippet:-1, max-image-preview:large, max-video-preview:-1\" \/>\n<link rel=\"canonical\" href=\"https:\/\/beautyinstitute.ee\/toode\/menrelax24h-creme15ml\/\" \/>\n<meta property=\"og:locale\" content=\"ru_RU\" \/>\n<meta property=\"og:type\" content=\"article\" \/>\n<meta property=\"og:title\" content=\"Men Relax 24H Creme 15Ml - Beauty Institute\" \/>\n<meta property=\"og:description\" content=\"15 ml,\u00a0 koos kauni organza kotikesega Kahefunktsionaalne kerge geeljas kreem, mis on m\u00f5eldud kasutamiseks n\u00e4ohoolduseks ja p\u00e4rast habemeajamist. Tagab nahale intensiivse niisutuse, elustab ja j\u00e4tab naha v\u00e4rskeks, siledaks ning klaariks. Vitamiinid kaitsevad vabade radikaalide ja kahjulike keskkonna m\u00f5jude eest. Viskiekstrakt muudab v\u00e4sinud ja jumetu naha taas v\u00e4rskeks ja elavaks. &nbsp;\" \/>\n<meta property=\"og:url\" content=\"https:\/\/beautyinstitute.ee\/toode\/menrelax24h-creme15ml\/\" \/>\n<meta property=\"og:site_name\" content=\"Beauty Institute\" \/>\n<meta property=\"article:modified_time\" content=\"2026-04-15T10:28:15+00:00\" \/>\n<meta property=\"og:image\" content=\"https:\/\/beautyinstitute.ee\/wp-content\/uploads\/2019\/01\/men-krem.jpg\" \/>\n\t<meta property=\"og:image:width\" content=\"750\" \/>\n\t<meta property=\"og:image:height\" content=\"711\" \/>\n\t<meta property=\"og:image:type\" content=\"image\/jpeg\" \/>\n<meta name=\"twitter:card\" content=\"summary_large_image\" \/>\n<meta name=\"twitter:site\" content=\"@Beauty_Eesti\" \/>\n<meta name=\"twitter:label1\" content=\"\u041f\u0440\u0438\u043c\u0435\u0440\u043d\u043e\u0435 \u0432\u0440\u0435\u043c\u044f \u0434\u043b\u044f \u0447\u0442\u0435\u043d\u0438\u044f\" \/>\n\t<meta name=\"twitter:data1\" content=\"1 \u043c\u0438\u043d\u0443\u0442\u0430\" \/>\n<script type=\"application\/ld+json\" class=\"yoast-schema-graph\">{\"@context\":\"https:\/\/schema.org\",\"@graph\":[{\"@type\":\"WebPage\",\"@id\":\"https:\/\/beautyinstitute.ee\/toode\/menrelax24h-creme15ml\/\",\"url\":\"https:\/\/beautyinstitute.ee\/toode\/menrelax24h-creme15ml\/\",\"name\":\"Men Relax 24H Creme 15Ml - Beauty Institute\",\"isPartOf\":{\"@id\":\"https:\/\/beautyinstitute.ee\/#website\"},\"primaryImageOfPage\":{\"@id\":\"https:\/\/beautyinstitute.ee\/toode\/menrelax24h-creme15ml\/#primaryimage\"},\"image\":{\"@id\":\"https:\/\/beautyinstitute.ee\/toode\/menrelax24h-creme15ml\/#primaryimage\"},\"thumbnailUrl\":\"https:\/\/beautyinstitute.ee\/wp-content\/uploads\/2019\/01\/men-krem.jpg\",\"datePublished\":\"2019-11-04T18:15:06+00:00\",\"dateModified\":\"2026-04-15T10:28:15+00:00\",\"breadcrumb\":{\"@id\":\"https:\/\/beautyinstitute.ee\/toode\/menrelax24h-creme15ml\/#breadcrumb\"},\"inLanguage\":\"ru-RU\",\"potentialAction\":[{\"@type\":\"ReadAction\",\"target\":[\"https:\/\/beautyinstitute.ee\/toode\/menrelax24h-creme15ml\/\"]}]},{\"@type\":\"ImageObject\",\"inLanguage\":\"ru-RU\",\"@id\":\"https:\/\/beautyinstitute.ee\/toode\/menrelax24h-creme15ml\/#primaryimage\",\"url\":\"https:\/\/beautyinstitute.ee\/wp-content\/uploads\/2019\/01\/men-krem.jpg\",\"contentUrl\":\"https:\/\/beautyinstitute.ee\/wp-content\/uploads\/2019\/01\/men-krem.jpg\",\"width\":750,\"height\":711},{\"@type\":\"BreadcrumbList\",\"@id\":\"https:\/\/beautyinstitute.ee\/toode\/menrelax24h-creme15ml\/#breadcrumb\",\"itemListElement\":[{\"@type\":\"ListItem\",\"position\":1,\"name\":\"Home\",\"item\":\"https:\/\/beautyinstitute.ee\/ru\/\"},{\"@type\":\"ListItem\",\"position\":2,\"name\":\"E-pood\",\"item\":\"https:\/\/beautyinstitute.ee\/e-pood\/\"},{\"@type\":\"ListItem\",\"position\":3,\"name\":\"Men Relax 24H Creme 15Ml\"}]},{\"@type\":\"WebSite\",\"@id\":\"https:\/\/beautyinstitute.ee\/#website\",\"url\":\"https:\/\/beautyinstitute.ee\/\",\"name\":\"Beauty Institute\",\"description\":\"CNC Cosmetic ametlik maaletooja ja edasim\u00fc\u00fcja Eestis, Soomes, L\u00e4tis. Aparaadikosmeetika, koolitused, kosmeetikatooted.\",\"potentialAction\":[{\"@type\":\"SearchAction\",\"target\":{\"@type\":\"EntryPoint\",\"urlTemplate\":\"https:\/\/beautyinstitute.ee\/?s={search_term_string}\"},\"query-input\":{\"@type\":\"PropertyValueSpecification\",\"valueRequired\":true,\"valueName\":\"search_term_string\"}}],\"inLanguage\":\"ru-RU\"}]}<\/script>\n<!-- \/ Yoast SEO plugin. -->","yoast_head_json":{"title":"Men Relax 24H Creme 15Ml - Beauty Institute","robots":{"index":"index","follow":"follow","max-snippet":"max-snippet:-1","max-image-preview":"max-image-preview:large","max-video-preview":"max-video-preview:-1"},"canonical":"https:\/\/beautyinstitute.ee\/toode\/menrelax24h-creme15ml\/","og_locale":"ru_RU","og_type":"article","og_title":"Men Relax 24H Creme 15Ml - Beauty Institute","og_description":"15 ml,\u00a0 koos kauni organza kotikesega Kahefunktsionaalne kerge geeljas kreem, mis on m\u00f5eldud kasutamiseks n\u00e4ohoolduseks ja p\u00e4rast habemeajamist. Tagab nahale intensiivse niisutuse, elustab ja j\u00e4tab naha v\u00e4rskeks, siledaks ning klaariks. Vitamiinid kaitsevad vabade radikaalide ja kahjulike keskkonna m\u00f5jude eest. Viskiekstrakt muudab v\u00e4sinud ja jumetu naha taas v\u00e4rskeks ja elavaks. &nbsp;","og_url":"https:\/\/beautyinstitute.ee\/toode\/menrelax24h-creme15ml\/","og_site_name":"Beauty Institute","article_modified_time":"2026-04-15T10:28:15+00:00","og_image":[{"width":750,"height":711,"url":"https:\/\/beautyinstitute.ee\/wp-content\/uploads\/2019\/01\/men-krem.jpg","type":"image\/jpeg"}],"twitter_card":"summary_large_image","twitter_site":"@Beauty_Eesti","twitter_misc":{"\u041f\u0440\u0438\u043c\u0435\u0440\u043d\u043e\u0435 \u0432\u0440\u0435\u043c\u044f \u0434\u043b\u044f \u0447\u0442\u0435\u043d\u0438\u044f":"1 \u043c\u0438\u043d\u0443\u0442\u0430"},"schema":{"@context":"https:\/\/schema.org","@graph":[{"@type":"WebPage","@id":"https:\/\/beautyinstitute.ee\/toode\/menrelax24h-creme15ml\/","url":"https:\/\/beautyinstitute.ee\/toode\/menrelax24h-creme15ml\/","name":"Men Relax 24H Creme 15Ml - Beauty Institute","isPartOf":{"@id":"https:\/\/beautyinstitute.ee\/#website"},"primaryImageOfPage":{"@id":"https:\/\/beautyinstitute.ee\/toode\/menrelax24h-creme15ml\/#primaryimage"},"image":{"@id":"https:\/\/beautyinstitute.ee\/toode\/menrelax24h-creme15ml\/#primaryimage"},"thumbnailUrl":"https:\/\/beautyinstitute.ee\/wp-content\/uploads\/2019\/01\/men-krem.jpg","datePublished":"2019-11-04T18:15:06+00:00","dateModified":"2026-04-15T10:28:15+00:00","breadcrumb":{"@id":"https:\/\/beautyinstitute.ee\/toode\/menrelax24h-creme15ml\/#breadcrumb"},"inLanguage":"ru-RU","potentialAction":[{"@type":"ReadAction","target":["https:\/\/beautyinstitute.ee\/toode\/menrelax24h-creme15ml\/"]}]},{"@type":"ImageObject","inLanguage":"ru-RU","@id":"https:\/\/beautyinstitute.ee\/toode\/menrelax24h-creme15ml\/#primaryimage","url":"https:\/\/beautyinstitute.ee\/wp-content\/uploads\/2019\/01\/men-krem.jpg","contentUrl":"https:\/\/beautyinstitute.ee\/wp-content\/uploads\/2019\/01\/men-krem.jpg","width":750,"height":711},{"@type":"BreadcrumbList","@id":"https:\/\/beautyinstitute.ee\/toode\/menrelax24h-creme15ml\/#breadcrumb","itemListElement":[{"@type":"ListItem","position":1,"name":"Home","item":"https:\/\/beautyinstitute.ee\/ru\/"},{"@type":"ListItem","position":2,"name":"E-pood","item":"https:\/\/beautyinstitute.ee\/e-pood\/"},{"@type":"ListItem","position":3,"name":"Men Relax 24H Creme 15Ml"}]},{"@type":"WebSite","@id":"https:\/\/beautyinstitute.ee\/#website","url":"https:\/\/beautyinstitute.ee\/","name":"Beauty Institute","description":"CNC Cosmetic ametlik maaletooja ja edasim\u00fc\u00fcja Eestis, Soomes, L\u00e4tis. Aparaadikosmeetika, koolitused, kosmeetikatooted.","potentialAction":[{"@type":"SearchAction","target":{"@type":"EntryPoint","urlTemplate":"https:\/\/beautyinstitute.ee\/?s={search_term_string}"},"query-input":{"@type":"PropertyValueSpecification","valueRequired":true,"valueName":"search_term_string"}}],"inLanguage":"ru-RU"}]}},"_links":{"self":[{"href":"https:\/\/beautyinstitute.ee\/ru\/wp-json\/wp\/v2\/product\/8788","targetHints":{"allow":["GET"]}}],"collection":[{"href":"https:\/\/beautyinstitute.ee\/ru\/wp-json\/wp\/v2\/product"}],"about":[{"href":"https:\/\/beautyinstitute.ee\/ru\/wp-json\/wp\/v2\/types\/product"}],"wp:featuredmedia":[{"embeddable":true,"href":"https:\/\/beautyinstitute.ee\/ru\/wp-json\/wp\/v2\/media\/2365"}],"wp:attachment":[{"href":"https:\/\/beautyinstitute.ee\/ru\/wp-json\/wp\/v2\/media?parent=8788"}],"wp:term":[{"taxonomy":"product_cat","embeddable":true,"href":"https:\/\/beautyinstitute.ee\/ru\/wp-json\/wp\/v2\/product_cat?post=8788"},{"taxonomy":"product_tag","embeddable":true,"href":"https:\/\/beautyinstitute.ee\/ru\/wp-json\/wp\/v2\/product_tag?post=8788"}],"curies":[{"name":"wp","href":"https:\/\/api.w.org\/{rel}","templated":true}]}}