{"id":8805,"date":"2019-11-04T20:37:47","date_gmt":"2019-11-04T18:37:47","guid":{"rendered":"https:\/\/beautyinstitute.ee\/?post_type=product&#038;p=8805"},"modified":"2026-04-23T14:50:48","modified_gmt":"2026-04-23T11:50:48","slug":"microsilverk%c3%a4tevaht50ml","status":"publish","type":"product","link":"https:\/\/beautyinstitute.ee\/ru\/toode\/microsilverk%c3%a4tevaht50ml\/","title":{"rendered":"Microsilver K\u00e4tevaht 50 Ml"},"content":{"rendered":"<p><strong>SIIDISELT PEHMED K\u00c4ED!<\/strong><\/p>\n<p>10 % uurea, mikrosilveri ja aloe vera ekstrakt hoolitsevad teie k\u00e4te eest. Intensiivne niisutus. \u00d5lid nagu jojoba, avokaado, m\u00e4nd, rosmariin ja lavandli\u00f5li muudavad k\u00e4tenaha koheselt pehmeks .<\/p>\n<p><strong>Eelised:<\/strong><\/p>\n<ul>\n<li>10% uuread<\/li>\n<li>antibakteriaalsed ja desinfitseerivad ained<\/li>\n<li>PEG-de, v\u00e4rvainete ja s\u00e4ilitusaineteta<\/li>\n<li>imendub kiiresti, pole rasvane<\/li>\n<\/ul>\n<p><strong>Sobilik:<\/strong> kuiv nahk k\u00e4tel<\/p>\n<div class=\"container\">\n<div class=\"row main-content-wrap\">\n<div class=\"main-content col-lg-12\">\n<div id=\"primary\" class=\"content-area\">\n<div id=\"product-8808\" class=\"post-8808 product type-product status-publish has-post-thumbnail product_cat-microsilver product_cat-jalavahud first instock shipping-taxable purchasable product-type-simple product-layout-full_width\">\n<div class=\"product-summary-wrap\">\n<div class=\"row\">\n<div class=\"summary entry-summary col-lg-6\">\n<div id=\"product-tab\" class=\"woocommerce-tabs woocommerce-tabs-bf3nk74582jip2vapla77tvz4vs8ne2 resp-htabs\">\n<div class=\"resp-tabs-container\">\n<div id=\"tab-description\" class=\"tab-content resp-tab-content resp-tab-content-active\" aria-labelledby=\"tab_item-0\">\n<p><strong>Toimeained:<\/strong>\u00a010 % uurea, pantenool, skvalaan, mikroh\u00f5be, jojoobi\u00f5li, allantoiin.<\/p>\n<\/div>\n<\/div>\n<\/div>\n<\/div>\n<\/div>\n<\/div>\n<\/div>\n<\/div>\n<\/div>\n<\/div>\n<\/div>\n<div class=\"porto-related-products\">\n<div class=\"container\">\n<div class=\"related products\"><\/div>\n<\/div>\n<\/div>\n","protected":false},"excerpt":{"rendered":"<p>SIIDISELT PEHMED K\u00c4ED! 10 % uurea, mikrosilveri ja aloe vera ekstrakt hoolitsevad teie k\u00e4te eest. Intensiivne niisutus. \u00d5lid nagu jojoba, avokaado, m\u00e4nd, rosmariin ja lavandli\u00f5li muudavad k\u00e4tenaha koheselt pehmeks . Eelised: 10% uuread antibakteriaalsed ja desinfitseerivad ained PEG-de, v\u00e4rvainete ja s\u00e4ilitusaineteta imendub kiiresti, pole rasvane Sobilik: kuiv nahk k\u00e4tel Toimeained:\u00a010 % uurea, pantenool, skvalaan, mikroh\u00f5be, [&hellip;]<\/p>\n","protected":false},"featured_media":25445,"template":"","meta":{"_acf_changed":false},"product_cat":[254,128],"product_tag":[],"class_list":["post-8805","product","type-product","status-publish","has-post-thumbnail","hentry","product_cat-katehooldustooted","product_cat-microsilver"],"acf":[],"yoast_head":"<!-- This site is optimized with the Yoast SEO plugin v25.4 - https:\/\/yoast.com\/wordpress\/plugins\/seo\/ -->\n<title>Microsilver K\u00e4tevaht 50 Ml - Beauty Institute<\/title>\n<meta name=\"robots\" content=\"index, follow, max-snippet:-1, max-image-preview:large, max-video-preview:-1\" \/>\n<link rel=\"canonical\" href=\"https:\/\/beautyinstitute.ee\/toode\/microsilverk\u00e4tevaht50ml\/\" \/>\n<meta property=\"og:locale\" content=\"ru_RU\" \/>\n<meta property=\"og:type\" content=\"article\" \/>\n<meta property=\"og:title\" content=\"Microsilver K\u00e4tevaht 50 Ml - Beauty Institute\" \/>\n<meta property=\"og:description\" content=\"SIIDISELT PEHMED K\u00c4ED! 10 % uurea, mikrosilveri ja aloe vera ekstrakt hoolitsevad teie k\u00e4te eest. Intensiivne niisutus. \u00d5lid nagu jojoba, avokaado, m\u00e4nd, rosmariin ja lavandli\u00f5li muudavad k\u00e4tenaha koheselt pehmeks . Eelised: 10% uuread antibakteriaalsed ja desinfitseerivad ained PEG-de, v\u00e4rvainete ja s\u00e4ilitusaineteta imendub kiiresti, pole rasvane Sobilik: kuiv nahk k\u00e4tel Toimeained:\u00a010 % uurea, pantenool, skvalaan, mikroh\u00f5be, [&hellip;]\" \/>\n<meta property=\"og:url\" content=\"https:\/\/beautyinstitute.ee\/toode\/microsilverk\u00e4tevaht50ml\/\" \/>\n<meta property=\"og:site_name\" content=\"Beauty Institute\" \/>\n<meta property=\"article:modified_time\" content=\"2026-04-23T11:50:48+00:00\" \/>\n<meta property=\"og:image\" content=\"https:\/\/beautyinstitute.ee\/wp-content\/uploads\/2019\/11\/MicroSilver-BG\u2122-katevaht-50ml.jpg\" \/>\n\t<meta property=\"og:image:width\" content=\"755\" \/>\n\t<meta property=\"og:image:height\" content=\"757\" \/>\n\t<meta property=\"og:image:type\" content=\"image\/jpeg\" \/>\n<meta name=\"twitter:card\" content=\"summary_large_image\" \/>\n<meta name=\"twitter:site\" content=\"@Beauty_Eesti\" \/>\n<meta name=\"twitter:label1\" content=\"\u041f\u0440\u0438\u043c\u0435\u0440\u043d\u043e\u0435 \u0432\u0440\u0435\u043c\u044f \u0434\u043b\u044f \u0447\u0442\u0435\u043d\u0438\u044f\" \/>\n\t<meta name=\"twitter:data1\" content=\"1 \u043c\u0438\u043d\u0443\u0442\u0430\" \/>\n<script type=\"application\/ld+json\" class=\"yoast-schema-graph\">{\"@context\":\"https:\/\/schema.org\",\"@graph\":[{\"@type\":\"WebPage\",\"@id\":\"https:\/\/beautyinstitute.ee\/toode\/microsilverk%c3%a4tevaht50ml\/\",\"url\":\"https:\/\/beautyinstitute.ee\/toode\/microsilverk%c3%a4tevaht50ml\/\",\"name\":\"Microsilver K\u00e4tevaht 50 Ml - Beauty Institute\",\"isPartOf\":{\"@id\":\"https:\/\/beautyinstitute.ee\/#website\"},\"primaryImageOfPage\":{\"@id\":\"https:\/\/beautyinstitute.ee\/toode\/microsilverk%c3%a4tevaht50ml\/#primaryimage\"},\"image\":{\"@id\":\"https:\/\/beautyinstitute.ee\/toode\/microsilverk%c3%a4tevaht50ml\/#primaryimage\"},\"thumbnailUrl\":\"https:\/\/beautyinstitute.ee\/wp-content\/uploads\/2019\/11\/MicroSilver-BG\u2122-katevaht-50ml.jpg\",\"datePublished\":\"2019-11-04T18:37:47+00:00\",\"dateModified\":\"2026-04-23T11:50:48+00:00\",\"breadcrumb\":{\"@id\":\"https:\/\/beautyinstitute.ee\/toode\/microsilverk%c3%a4tevaht50ml\/#breadcrumb\"},\"inLanguage\":\"ru-RU\",\"potentialAction\":[{\"@type\":\"ReadAction\",\"target\":[\"https:\/\/beautyinstitute.ee\/toode\/microsilverk%c3%a4tevaht50ml\/\"]}]},{\"@type\":\"ImageObject\",\"inLanguage\":\"ru-RU\",\"@id\":\"https:\/\/beautyinstitute.ee\/toode\/microsilverk%c3%a4tevaht50ml\/#primaryimage\",\"url\":\"https:\/\/beautyinstitute.ee\/wp-content\/uploads\/2019\/11\/MicroSilver-BG\u2122-katevaht-50ml.jpg\",\"contentUrl\":\"https:\/\/beautyinstitute.ee\/wp-content\/uploads\/2019\/11\/MicroSilver-BG\u2122-katevaht-50ml.jpg\",\"width\":755,\"height\":757},{\"@type\":\"BreadcrumbList\",\"@id\":\"https:\/\/beautyinstitute.ee\/toode\/microsilverk%c3%a4tevaht50ml\/#breadcrumb\",\"itemListElement\":[{\"@type\":\"ListItem\",\"position\":1,\"name\":\"Home\",\"item\":\"https:\/\/beautyinstitute.ee\/ru\/\"},{\"@type\":\"ListItem\",\"position\":2,\"name\":\"E-pood\",\"item\":\"https:\/\/beautyinstitute.ee\/e-pood\/\"},{\"@type\":\"ListItem\",\"position\":3,\"name\":\"Microsilver K\u00e4tevaht 50 Ml\"}]},{\"@type\":\"WebSite\",\"@id\":\"https:\/\/beautyinstitute.ee\/#website\",\"url\":\"https:\/\/beautyinstitute.ee\/\",\"name\":\"Beauty Institute\",\"description\":\"CNC Cosmetic ametlik maaletooja ja edasim\u00fc\u00fcja Eestis, Soomes, L\u00e4tis. Aparaadikosmeetika, koolitused, kosmeetikatooted.\",\"potentialAction\":[{\"@type\":\"SearchAction\",\"target\":{\"@type\":\"EntryPoint\",\"urlTemplate\":\"https:\/\/beautyinstitute.ee\/?s={search_term_string}\"},\"query-input\":{\"@type\":\"PropertyValueSpecification\",\"valueRequired\":true,\"valueName\":\"search_term_string\"}}],\"inLanguage\":\"ru-RU\"}]}<\/script>\n<!-- \/ Yoast SEO plugin. -->","yoast_head_json":{"title":"Microsilver K\u00e4tevaht 50 Ml - Beauty Institute","robots":{"index":"index","follow":"follow","max-snippet":"max-snippet:-1","max-image-preview":"max-image-preview:large","max-video-preview":"max-video-preview:-1"},"canonical":"https:\/\/beautyinstitute.ee\/toode\/microsilverk\u00e4tevaht50ml\/","og_locale":"ru_RU","og_type":"article","og_title":"Microsilver K\u00e4tevaht 50 Ml - Beauty Institute","og_description":"SIIDISELT PEHMED K\u00c4ED! 10 % uurea, mikrosilveri ja aloe vera ekstrakt hoolitsevad teie k\u00e4te eest. Intensiivne niisutus. \u00d5lid nagu jojoba, avokaado, m\u00e4nd, rosmariin ja lavandli\u00f5li muudavad k\u00e4tenaha koheselt pehmeks . Eelised: 10% uuread antibakteriaalsed ja desinfitseerivad ained PEG-de, v\u00e4rvainete ja s\u00e4ilitusaineteta imendub kiiresti, pole rasvane Sobilik: kuiv nahk k\u00e4tel Toimeained:\u00a010 % uurea, pantenool, skvalaan, mikroh\u00f5be, [&hellip;]","og_url":"https:\/\/beautyinstitute.ee\/toode\/microsilverk\u00e4tevaht50ml\/","og_site_name":"Beauty Institute","article_modified_time":"2026-04-23T11:50:48+00:00","og_image":[{"width":755,"height":757,"url":"https:\/\/beautyinstitute.ee\/wp-content\/uploads\/2019\/11\/MicroSilver-BG\u2122-katevaht-50ml.jpg","type":"image\/jpeg"}],"twitter_card":"summary_large_image","twitter_site":"@Beauty_Eesti","twitter_misc":{"\u041f\u0440\u0438\u043c\u0435\u0440\u043d\u043e\u0435 \u0432\u0440\u0435\u043c\u044f \u0434\u043b\u044f \u0447\u0442\u0435\u043d\u0438\u044f":"1 \u043c\u0438\u043d\u0443\u0442\u0430"},"schema":{"@context":"https:\/\/schema.org","@graph":[{"@type":"WebPage","@id":"https:\/\/beautyinstitute.ee\/toode\/microsilverk%c3%a4tevaht50ml\/","url":"https:\/\/beautyinstitute.ee\/toode\/microsilverk%c3%a4tevaht50ml\/","name":"Microsilver K\u00e4tevaht 50 Ml - Beauty Institute","isPartOf":{"@id":"https:\/\/beautyinstitute.ee\/#website"},"primaryImageOfPage":{"@id":"https:\/\/beautyinstitute.ee\/toode\/microsilverk%c3%a4tevaht50ml\/#primaryimage"},"image":{"@id":"https:\/\/beautyinstitute.ee\/toode\/microsilverk%c3%a4tevaht50ml\/#primaryimage"},"thumbnailUrl":"https:\/\/beautyinstitute.ee\/wp-content\/uploads\/2019\/11\/MicroSilver-BG\u2122-katevaht-50ml.jpg","datePublished":"2019-11-04T18:37:47+00:00","dateModified":"2026-04-23T11:50:48+00:00","breadcrumb":{"@id":"https:\/\/beautyinstitute.ee\/toode\/microsilverk%c3%a4tevaht50ml\/#breadcrumb"},"inLanguage":"ru-RU","potentialAction":[{"@type":"ReadAction","target":["https:\/\/beautyinstitute.ee\/toode\/microsilverk%c3%a4tevaht50ml\/"]}]},{"@type":"ImageObject","inLanguage":"ru-RU","@id":"https:\/\/beautyinstitute.ee\/toode\/microsilverk%c3%a4tevaht50ml\/#primaryimage","url":"https:\/\/beautyinstitute.ee\/wp-content\/uploads\/2019\/11\/MicroSilver-BG\u2122-katevaht-50ml.jpg","contentUrl":"https:\/\/beautyinstitute.ee\/wp-content\/uploads\/2019\/11\/MicroSilver-BG\u2122-katevaht-50ml.jpg","width":755,"height":757},{"@type":"BreadcrumbList","@id":"https:\/\/beautyinstitute.ee\/toode\/microsilverk%c3%a4tevaht50ml\/#breadcrumb","itemListElement":[{"@type":"ListItem","position":1,"name":"Home","item":"https:\/\/beautyinstitute.ee\/ru\/"},{"@type":"ListItem","position":2,"name":"E-pood","item":"https:\/\/beautyinstitute.ee\/e-pood\/"},{"@type":"ListItem","position":3,"name":"Microsilver K\u00e4tevaht 50 Ml"}]},{"@type":"WebSite","@id":"https:\/\/beautyinstitute.ee\/#website","url":"https:\/\/beautyinstitute.ee\/","name":"Beauty Institute","description":"CNC Cosmetic ametlik maaletooja ja edasim\u00fc\u00fcja Eestis, Soomes, L\u00e4tis. Aparaadikosmeetika, koolitused, kosmeetikatooted.","potentialAction":[{"@type":"SearchAction","target":{"@type":"EntryPoint","urlTemplate":"https:\/\/beautyinstitute.ee\/?s={search_term_string}"},"query-input":{"@type":"PropertyValueSpecification","valueRequired":true,"valueName":"search_term_string"}}],"inLanguage":"ru-RU"}]}},"_links":{"self":[{"href":"https:\/\/beautyinstitute.ee\/ru\/wp-json\/wp\/v2\/product\/8805","targetHints":{"allow":["GET"]}}],"collection":[{"href":"https:\/\/beautyinstitute.ee\/ru\/wp-json\/wp\/v2\/product"}],"about":[{"href":"https:\/\/beautyinstitute.ee\/ru\/wp-json\/wp\/v2\/types\/product"}],"wp:featuredmedia":[{"embeddable":true,"href":"https:\/\/beautyinstitute.ee\/ru\/wp-json\/wp\/v2\/media\/25445"}],"wp:attachment":[{"href":"https:\/\/beautyinstitute.ee\/ru\/wp-json\/wp\/v2\/media?parent=8805"}],"wp:term":[{"taxonomy":"product_cat","embeddable":true,"href":"https:\/\/beautyinstitute.ee\/ru\/wp-json\/wp\/v2\/product_cat?post=8805"},{"taxonomy":"product_tag","embeddable":true,"href":"https:\/\/beautyinstitute.ee\/ru\/wp-json\/wp\/v2\/product_tag?post=8805"}],"curies":[{"name":"wp","href":"https:\/\/api.w.org\/{rel}","templated":true}]}}