{"id":9949,"date":"2020-04-03T11:32:05","date_gmt":"2020-04-03T08:32:05","guid":{"rendered":"https:\/\/beautyinstitute.ee\/?post_type=product&#038;p=9949"},"modified":"2025-09-18T13:53:29","modified_gmt":"2025-09-18T10:53:29","slug":"cnct%c3%b6%c3%b6kittelnr-36","status":"publish","type":"product","link":"https:\/\/beautyinstitute.ee\/ru\/toode\/cnct%c3%b6%c3%b6kittelnr-36\/","title":{"rendered":"Cnc T\u00f6\u00f6kittel Nr. 36"},"content":{"rendered":"<p>CNC tikandiga h\u00f5lmik kittel (valge)<\/p>\n<p>Pestav kuni 60 kraadi (35% puuvill, 65% pol\u00fcester)<\/p>\n","protected":false},"excerpt":{"rendered":"<p>CNC tikandiga h\u00f5lmik kittel (valge) Pestav kuni 60 kraadi (35% puuvill, 65% pol\u00fcester)<\/p>\n","protected":false},"featured_media":9591,"template":"","meta":{"_acf_changed":false},"product_cat":[191],"product_tag":[],"class_list":["post-9949","product","type-product","status-publish","has-post-thumbnail","hentry","product_cat-kabineti-tooted"],"acf":[],"yoast_head":"<!-- This site is optimized with the Yoast SEO plugin v25.4 - https:\/\/yoast.com\/wordpress\/plugins\/seo\/ -->\n<title>Cnc T\u00f6\u00f6kittel Nr. 36 - Beauty Institute<\/title>\n<meta name=\"robots\" content=\"index, follow, max-snippet:-1, max-image-preview:large, max-video-preview:-1\" \/>\n<link rel=\"canonical\" href=\"https:\/\/beautyinstitute.ee\/toode\/cnct\u00f6\u00f6kittelnr-36\/\" \/>\n<meta property=\"og:locale\" content=\"ru_RU\" \/>\n<meta property=\"og:type\" content=\"article\" \/>\n<meta property=\"og:title\" content=\"Cnc T\u00f6\u00f6kittel Nr. 36 - Beauty Institute\" \/>\n<meta property=\"og:description\" content=\"CNC tikandiga h\u00f5lmik kittel (valge) Pestav kuni 60 kraadi (35% puuvill, 65% pol\u00fcester)\" \/>\n<meta property=\"og:url\" content=\"https:\/\/beautyinstitute.ee\/toode\/cnct\u00f6\u00f6kittelnr-36\/\" \/>\n<meta property=\"og:site_name\" content=\"Beauty Institute\" \/>\n<meta property=\"article:modified_time\" content=\"2025-09-18T10:53:29+00:00\" \/>\n<meta property=\"og:image\" content=\"https:\/\/beautyinstitute.ee\/wp-content\/uploads\/2020\/02\/t\u00f6\u00f6kittel.jpg\" \/>\n\t<meta property=\"og:image:width\" content=\"750\" \/>\n\t<meta property=\"og:image:height\" content=\"711\" \/>\n\t<meta property=\"og:image:type\" content=\"image\/jpeg\" \/>\n<meta name=\"twitter:card\" content=\"summary_large_image\" \/>\n<meta name=\"twitter:site\" content=\"@Beauty_Eesti\" \/>\n<script type=\"application\/ld+json\" class=\"yoast-schema-graph\">{\"@context\":\"https:\/\/schema.org\",\"@graph\":[{\"@type\":\"WebPage\",\"@id\":\"https:\/\/beautyinstitute.ee\/toode\/cnct%c3%b6%c3%b6kittelnr-36\/\",\"url\":\"https:\/\/beautyinstitute.ee\/toode\/cnct%c3%b6%c3%b6kittelnr-36\/\",\"name\":\"Cnc T\u00f6\u00f6kittel Nr. 36 - Beauty Institute\",\"isPartOf\":{\"@id\":\"https:\/\/beautyinstitute.ee\/#website\"},\"primaryImageOfPage\":{\"@id\":\"https:\/\/beautyinstitute.ee\/toode\/cnct%c3%b6%c3%b6kittelnr-36\/#primaryimage\"},\"image\":{\"@id\":\"https:\/\/beautyinstitute.ee\/toode\/cnct%c3%b6%c3%b6kittelnr-36\/#primaryimage\"},\"thumbnailUrl\":\"https:\/\/beautyinstitute.ee\/wp-content\/uploads\/2020\/02\/t\u00f6\u00f6kittel.jpg\",\"datePublished\":\"2020-04-03T08:32:05+00:00\",\"dateModified\":\"2025-09-18T10:53:29+00:00\",\"breadcrumb\":{\"@id\":\"https:\/\/beautyinstitute.ee\/toode\/cnct%c3%b6%c3%b6kittelnr-36\/#breadcrumb\"},\"inLanguage\":\"ru-RU\",\"potentialAction\":[{\"@type\":\"ReadAction\",\"target\":[\"https:\/\/beautyinstitute.ee\/toode\/cnct%c3%b6%c3%b6kittelnr-36\/\"]}]},{\"@type\":\"ImageObject\",\"inLanguage\":\"ru-RU\",\"@id\":\"https:\/\/beautyinstitute.ee\/toode\/cnct%c3%b6%c3%b6kittelnr-36\/#primaryimage\",\"url\":\"https:\/\/beautyinstitute.ee\/wp-content\/uploads\/2020\/02\/t\u00f6\u00f6kittel.jpg\",\"contentUrl\":\"https:\/\/beautyinstitute.ee\/wp-content\/uploads\/2020\/02\/t\u00f6\u00f6kittel.jpg\",\"width\":750,\"height\":711},{\"@type\":\"BreadcrumbList\",\"@id\":\"https:\/\/beautyinstitute.ee\/toode\/cnct%c3%b6%c3%b6kittelnr-36\/#breadcrumb\",\"itemListElement\":[{\"@type\":\"ListItem\",\"position\":1,\"name\":\"Home\",\"item\":\"https:\/\/beautyinstitute.ee\/ru\/\"},{\"@type\":\"ListItem\",\"position\":2,\"name\":\"E-pood\",\"item\":\"https:\/\/beautyinstitute.ee\/e-pood\/\"},{\"@type\":\"ListItem\",\"position\":3,\"name\":\"Cnc T\u00f6\u00f6kittel Nr. 36\"}]},{\"@type\":\"WebSite\",\"@id\":\"https:\/\/beautyinstitute.ee\/#website\",\"url\":\"https:\/\/beautyinstitute.ee\/\",\"name\":\"Beauty Institute\",\"description\":\"CNC Cosmetic ametlik maaletooja ja edasim\u00fc\u00fcja Eestis, Soomes, L\u00e4tis. Aparaadikosmeetika, koolitused, kosmeetikatooted.\",\"potentialAction\":[{\"@type\":\"SearchAction\",\"target\":{\"@type\":\"EntryPoint\",\"urlTemplate\":\"https:\/\/beautyinstitute.ee\/?s={search_term_string}\"},\"query-input\":{\"@type\":\"PropertyValueSpecification\",\"valueRequired\":true,\"valueName\":\"search_term_string\"}}],\"inLanguage\":\"ru-RU\"}]}<\/script>\n<!-- \/ Yoast SEO plugin. -->","yoast_head_json":{"title":"Cnc T\u00f6\u00f6kittel Nr. 36 - Beauty Institute","robots":{"index":"index","follow":"follow","max-snippet":"max-snippet:-1","max-image-preview":"max-image-preview:large","max-video-preview":"max-video-preview:-1"},"canonical":"https:\/\/beautyinstitute.ee\/toode\/cnct\u00f6\u00f6kittelnr-36\/","og_locale":"ru_RU","og_type":"article","og_title":"Cnc T\u00f6\u00f6kittel Nr. 36 - Beauty Institute","og_description":"CNC tikandiga h\u00f5lmik kittel (valge) Pestav kuni 60 kraadi (35% puuvill, 65% pol\u00fcester)","og_url":"https:\/\/beautyinstitute.ee\/toode\/cnct\u00f6\u00f6kittelnr-36\/","og_site_name":"Beauty Institute","article_modified_time":"2025-09-18T10:53:29+00:00","og_image":[{"width":750,"height":711,"url":"https:\/\/beautyinstitute.ee\/wp-content\/uploads\/2020\/02\/t\u00f6\u00f6kittel.jpg","type":"image\/jpeg"}],"twitter_card":"summary_large_image","twitter_site":"@Beauty_Eesti","schema":{"@context":"https:\/\/schema.org","@graph":[{"@type":"WebPage","@id":"https:\/\/beautyinstitute.ee\/toode\/cnct%c3%b6%c3%b6kittelnr-36\/","url":"https:\/\/beautyinstitute.ee\/toode\/cnct%c3%b6%c3%b6kittelnr-36\/","name":"Cnc T\u00f6\u00f6kittel Nr. 36 - Beauty Institute","isPartOf":{"@id":"https:\/\/beautyinstitute.ee\/#website"},"primaryImageOfPage":{"@id":"https:\/\/beautyinstitute.ee\/toode\/cnct%c3%b6%c3%b6kittelnr-36\/#primaryimage"},"image":{"@id":"https:\/\/beautyinstitute.ee\/toode\/cnct%c3%b6%c3%b6kittelnr-36\/#primaryimage"},"thumbnailUrl":"https:\/\/beautyinstitute.ee\/wp-content\/uploads\/2020\/02\/t\u00f6\u00f6kittel.jpg","datePublished":"2020-04-03T08:32:05+00:00","dateModified":"2025-09-18T10:53:29+00:00","breadcrumb":{"@id":"https:\/\/beautyinstitute.ee\/toode\/cnct%c3%b6%c3%b6kittelnr-36\/#breadcrumb"},"inLanguage":"ru-RU","potentialAction":[{"@type":"ReadAction","target":["https:\/\/beautyinstitute.ee\/toode\/cnct%c3%b6%c3%b6kittelnr-36\/"]}]},{"@type":"ImageObject","inLanguage":"ru-RU","@id":"https:\/\/beautyinstitute.ee\/toode\/cnct%c3%b6%c3%b6kittelnr-36\/#primaryimage","url":"https:\/\/beautyinstitute.ee\/wp-content\/uploads\/2020\/02\/t\u00f6\u00f6kittel.jpg","contentUrl":"https:\/\/beautyinstitute.ee\/wp-content\/uploads\/2020\/02\/t\u00f6\u00f6kittel.jpg","width":750,"height":711},{"@type":"BreadcrumbList","@id":"https:\/\/beautyinstitute.ee\/toode\/cnct%c3%b6%c3%b6kittelnr-36\/#breadcrumb","itemListElement":[{"@type":"ListItem","position":1,"name":"Home","item":"https:\/\/beautyinstitute.ee\/ru\/"},{"@type":"ListItem","position":2,"name":"E-pood","item":"https:\/\/beautyinstitute.ee\/e-pood\/"},{"@type":"ListItem","position":3,"name":"Cnc T\u00f6\u00f6kittel Nr. 36"}]},{"@type":"WebSite","@id":"https:\/\/beautyinstitute.ee\/#website","url":"https:\/\/beautyinstitute.ee\/","name":"Beauty Institute","description":"CNC Cosmetic ametlik maaletooja ja edasim\u00fc\u00fcja Eestis, Soomes, L\u00e4tis. Aparaadikosmeetika, koolitused, kosmeetikatooted.","potentialAction":[{"@type":"SearchAction","target":{"@type":"EntryPoint","urlTemplate":"https:\/\/beautyinstitute.ee\/?s={search_term_string}"},"query-input":{"@type":"PropertyValueSpecification","valueRequired":true,"valueName":"search_term_string"}}],"inLanguage":"ru-RU"}]}},"_links":{"self":[{"href":"https:\/\/beautyinstitute.ee\/ru\/wp-json\/wp\/v2\/product\/9949","targetHints":{"allow":["GET"]}}],"collection":[{"href":"https:\/\/beautyinstitute.ee\/ru\/wp-json\/wp\/v2\/product"}],"about":[{"href":"https:\/\/beautyinstitute.ee\/ru\/wp-json\/wp\/v2\/types\/product"}],"wp:featuredmedia":[{"embeddable":true,"href":"https:\/\/beautyinstitute.ee\/ru\/wp-json\/wp\/v2\/media\/9591"}],"wp:attachment":[{"href":"https:\/\/beautyinstitute.ee\/ru\/wp-json\/wp\/v2\/media?parent=9949"}],"wp:term":[{"taxonomy":"product_cat","embeddable":true,"href":"https:\/\/beautyinstitute.ee\/ru\/wp-json\/wp\/v2\/product_cat?post=9949"},{"taxonomy":"product_tag","embeddable":true,"href":"https:\/\/beautyinstitute.ee\/ru\/wp-json\/wp\/v2\/product_tag?post=9949"}],"curies":[{"name":"wp","href":"https:\/\/api.w.org\/{rel}","templated":true}]}}